{"id":73,"date":"2015-09-11T17:49:31","date_gmt":"2015-09-11T17:49:31","guid":{"rendered":"https:\/\/mibt.hu\/olvasosarok\/?page_id=73"},"modified":"2016-06-15T09:03:43","modified_gmt":"2016-06-15T09:03:43","slug":"agjej","status":"publish","type":"page","link":"https:\/\/mibt.hu\/olvasosarok\/agjej\/","title":{"rendered":"Agj\u00e9j ( Szaccsid\u00e1nand H\u00edr\u00e1nand V\u00e1tszj\u00e1jan) (1911-1987)"},"content":{"rendered":"<p>[et_pb_section admin_label=&#8221;Szakasz&#8221; fullwidth=&#8221;on&#8221; specialty=&#8221;off&#8221;][et_pb_fullwidth_menu admin_label=&#8221;Teljes sz\u00e9less\u00e9g\u0171 men\u00fc&#8221; menu_id=&#8221;2&#8243; background_color=&#8221;#ffffff&#8221; background_layout=&#8221;light&#8221; text_orientation=&#8221;center&#8221; submenu_direction=&#8221;downwards&#8221; fullwidth_menu=&#8221;off&#8221; dropdown_menu_animation=&#8221;fade&#8221;] [\/et_pb_fullwidth_menu][\/et_pb_section][et_pb_section admin_label=&#8221;Szakasz&#8221; fullwidth=&#8221;off&#8221; specialty=&#8221;on&#8221;][et_pb_column type=&#8221;1_4&#8243;][et_pb_image admin_label=&#8221;K\u00e9p&#8221; src=&#8221;https:\/\/mibt.hu\/olvasosarok\/wp-content\/uploads\/sites\/5\/2015\/09\/agyeya.jpg&#8221; show_in_lightbox=&#8221;off&#8221; url_new_window=&#8221;off&#8221; animation=&#8221;off&#8221; sticky=&#8221;off&#8221; align=&#8221;left&#8221; force_fullwidth=&#8221;off&#8221; always_center_on_mobile=&#8221;on&#8221; use_border_color=&#8221;off&#8221; border_color=&#8221;#ffffff&#8221; border_style=&#8221;solid&#8221;] [\/et_pb_image][\/et_pb_column][et_pb_column type=&#8221;3_4&#8243; specialty_columns=&#8221;3&#8243;][et_pb_row_inner admin_label=&#8221;Sor&#8221;][et_pb_column_inner type=&#8221;4_4&#8243; saved_specialty_column_type=&#8221;3_4&#8243;][et_pb_text admin_label=&#8221;Sz\u00f6veg&#8221; background_layout=&#8221;light&#8221; text_orientation=&#8221;left&#8221; text_font_size=&#8221;14&#8243; use_border_color=&#8221;off&#8221; border_color=&#8221;#ffffff&#8221; border_style=&#8221;solid&#8221;]<\/p>\n<h2 style=\"text-align: justify;\">Agj\u00e9j\u00a0(1911-1987)<\/h2>\n<p style=\"text-align: justify;\">Val\u00f3di nev\u00e9n Szaccsid\u00e1nand H\u00edr\u00e1nand V\u00e1tszj\u00e1jan (1911-1987), \u00edr\u00f3i \u00e1lnev\u00e9n Agj\u00e9j, melynek jelent\u00e9se \u201eMegismerhetetlen\u201d. Mind pr\u00f3z\u00e1j\u00e1ban, mind l\u00edr\u00e1j\u00e1ban a Hindi modernizmus \u00fatt\u00f6r\u0151je volt. Az indiai szabads\u00e1gk\u00fczdelemben val\u00f3 r\u00e9szv\u00e9tele miatt a fiatal V\u00e1tszj\u00e1jan hat \u00e9vet t\u00f6lt\u00f6tt b\u00f6rt\u00f6nben, a hatvanas \u00e9s hetvenes \u00e9vekben pedig t\u00f6bb vezet\u0151 nyugati egyetem vend\u00e9gtan\u00e1ra volt. A hindi irodalomban \u201eAgj\u00e9j\u201d neve f\u00e9mjelzi mind a sz\u00e1zadeleji romantikus \u201e\u00e1rnyizmust\u201d (<em>csh\u00e1j\u00e1v\u00e1d<\/em>) meghalad\u00f3 \u201e\u00faj k\u00f6lt\u00e9szetet\u201d (<em>naj\u00ed kavit\u00e1<\/em>), mind a realizmuson t\u00fall\u00e9p\u0151 pr\u00f3za, az experimentalizmus (<em>praj\u00f3gv\u00e1d<\/em>) ir\u00e1nyzatait. Versei az indiai hagyom\u00e1nyokra \u00e9p\u00edt\u0151 \u201e\u00e1rnyizmussal\u201d szemben a nyugati irodalmi elk\u00e9pzel\u00e9seket igyekszenek \u00e1t\u00fcltetni hindi k\u00f6rnyezetbe. \u00d6n\u00e9letrajzi fogantat\u00e1s\u00fa reg\u00e9nye a <em>S\u00e9khar \u00e9lete (S\u00e9khar \u2013 \u00e9k dzs\u00edvan\u00ed)<\/em> a hindi irodalom egyik legkiemelked\u0151bb alkot\u00e1sa. Magyarul t\u00f6bb novell\u00e1ja is olvashat\u00f3 az indiai elbesz\u00e9l\u00e9sirodalmat bemutat\u00f3 v\u00e1logat\u00e1sokban.<\/p>\n<p>[\/et_pb_text][et_pb_text admin_label=&#8221;Sz\u00f6veg&#8221; background_layout=&#8221;light&#8221; text_orientation=&#8221;left&#8221; text_font_size=&#8221;14&#8243; use_border_color=&#8221;off&#8221; border_color=&#8221;#ffffff&#8221; border_style=&#8221;solid&#8221;]<\/p>\n<h2>M\u0171veib\u0151l<\/h2>\n<p>[\/et_pb_text][et_pb_blog admin_label=&#8221;Blog-Agj\u00e9j&#8221; fullwidth=&#8221;on&#8221; show_thumbnail=&#8221;on&#8221; show_content=&#8221;on&#8221; show_more=&#8221;off&#8221; show_author=&#8221;off&#8221; show_date=&#8221;off&#8221; show_categories=&#8221;on&#8221; show_comments=&#8221;off&#8221; show_pagination=&#8221;off&#8221; offset_number=&#8221;0&#8243; background_layout=&#8221;light&#8221; use_dropshadow=&#8221;off&#8221; header_font_size=&#8221;18&#8243; meta_font_size=&#8221;14&#8243; body_font_size=&#8221;14&#8243; use_border_color=&#8221;off&#8221; border_color=&#8221;#ffffff&#8221; border_style=&#8221;solid&#8221; include_categories=&#8221;12&#8243;] [\/et_pb_blog][\/et_pb_column_inner][\/et_pb_row_inner][\/et_pb_column][\/et_pb_section]<\/p>\n","protected":false},"excerpt":{"rendered":"<p>Agj\u00e9j\u00a0(1911-1987) Val\u00f3di nev\u00e9n Szaccsid\u00e1nand H\u00edr\u00e1nand V\u00e1tszj\u00e1jan (1911-1987), \u00edr\u00f3i \u00e1lnev\u00e9n Agj\u00e9j, melynek jelent\u00e9se \u201eMegismerhetetlen\u201d. Mind pr\u00f3z\u00e1j\u00e1ban, mind l\u00edr\u00e1j\u00e1ban a Hindi modernizmus \u00fatt\u00f6r\u0151je volt. Az indiai szabads\u00e1gk\u00fczdelemben val\u00f3 r\u00e9szv\u00e9tele miatt a fiatal V\u00e1tszj\u00e1jan hat \u00e9vet t\u00f6lt\u00f6tt b\u00f6rt\u00f6nben, a hatvanas \u00e9s hetvenes \u00e9vekben pedig t\u00f6bb vezet\u0151 nyugati egyetem vend\u00e9gtan\u00e1ra volt. A hindi irodalomban \u201eAgj\u00e9j\u201d neve f\u00e9mjelzi mind a [&hellip;]<\/p>\n","protected":false},"author":4,"featured_media":0,"parent":0,"menu_order":0,"comment_status":"closed","ping_status":"closed","template":"","meta":{"_et_pb_use_builder":"on","_et_pb_old_content":"<p style=\"text-align: justify;\">Val\u00f3di nev\u00e9n Szaccsid\u00e1nand H\u00edr\u00e1nand V\u00e1tszj\u00e1jan (1911-1987), \u00edr\u00f3i \u00e1lnev\u00e9n Agj\u00e9j, melynek jelent\u00e9se \u201eMegismerhetetlen\u201d. Mind pr\u00f3z\u00e1j\u00e1ban, mind l\u00edr\u00e1j\u00e1ban a Hindi modernizmus \u00fatt\u00f6r\u0151je volt. Az indiai szabads\u00e1gk\u00fczdelemben val\u00f3 r\u00e9szv\u00e9tele miatt a fiatal V\u00e1tszj\u00e1jan hat \u00e9vet t\u00f6lt\u00f6tt b\u00f6rt\u00f6nben, a hatvanas \u00e9s hetvenes \u00e9vekben pedig t\u00f6bb vezet\u0151 nyugati egyetem vend\u00e9gtan\u00e1ra volt. A hindi irodalomban \u201eAgj\u00e9j\u201d neve f\u00e9mjelzi mind a sz\u00e1zadeleji romantikus \u201e\u00e1rnyizmust\u201d (<em>csh\u00e1j\u00e1v\u00e1d<\/em>) meghalad\u00f3 \u201e\u00faj k\u00f6lt\u00e9szetet\u201d (<em>naj\u00ed kavit\u00e1<\/em>), mind a realizmuson t\u00fall\u00e9p\u0151 pr\u00f3za, az experimentalizmus (<em>praj\u00f3gv\u00e1d<\/em>) ir\u00e1nyzatait. Versei az indiai hagyom\u00e1nyokra \u00e9p\u00edt\u0151 \u201e\u00e1rnyizmussal\u201d szemben a nyugati irodalmi elk\u00e9pzel\u00e9seket igyekszenek \u00e1t\u00fcltetni hindi k\u00f6rnyezetbe. \u00d6n\u00e9letrajzi fogantat\u00e1s\u00fa reg\u00e9nye a <em>S\u00e9khar \u00e9lete (S\u00e9khar \u2013 \u00e9k dzs\u00edvan\u00ed)<\/em> a hindi irodalom egyik legkiemelked\u0151bb alkot\u00e1sa. Magyarul t\u00f6bb novell\u00e1ja is olvashat\u00f3 az indiai elbesz\u00e9l\u00e9sirodalmat bemutat\u00f3 v\u00e1logat\u00e1sokban.<\/p>","_et_gb_content_width":"","footnotes":""},"class_list":["post-73","page","type-page","status-publish","hentry"],"_links":{"self":[{"href":"https:\/\/mibt.hu\/olvasosarok\/wp-json\/wp\/v2\/pages\/73","targetHints":{"allow":["GET"]}}],"collection":[{"href":"https:\/\/mibt.hu\/olvasosarok\/wp-json\/wp\/v2\/pages"}],"about":[{"href":"https:\/\/mibt.hu\/olvasosarok\/wp-json\/wp\/v2\/types\/page"}],"author":[{"embeddable":true,"href":"https:\/\/mibt.hu\/olvasosarok\/wp-json\/wp\/v2\/users\/4"}],"replies":[{"embeddable":true,"href":"https:\/\/mibt.hu\/olvasosarok\/wp-json\/wp\/v2\/comments?post=73"}],"version-history":[{"count":10,"href":"https:\/\/mibt.hu\/olvasosarok\/wp-json\/wp\/v2\/pages\/73\/revisions"}],"predecessor-version":[{"id":1222,"href":"https:\/\/mibt.hu\/olvasosarok\/wp-json\/wp\/v2\/pages\/73\/revisions\/1222"}],"wp:attachment":[{"href":"https:\/\/mibt.hu\/olvasosarok\/wp-json\/wp\/v2\/media?parent=73"}],"curies":[{"name":"wp","href":"https:\/\/api.w.org\/{rel}","templated":true}]}}