{"id":511,"date":"2015-10-28T08:42:53","date_gmt":"2015-10-28T08:42:53","guid":{"rendered":"https:\/\/mibt.hu\/olvasosarok\/?page_id=511"},"modified":"2020-04-01T10:21:35","modified_gmt":"2020-04-01T10:21:35","slug":"kunvar-narajan","status":"publish","type":"page","link":"https:\/\/mibt.hu\/olvasosarok\/kunvar-narajan\/","title":{"rendered":"Kunv\u00e1r N\u00e1r\u00e1jan"},"content":{"rendered":"<p>[et_pb_section admin_label=&#8221;Szakasz&#8221; fullwidth=&#8221;on&#8221; specialty=&#8221;off&#8221;][et_pb_fullwidth_menu admin_label=&#8221;Teljes sz\u00e9less\u00e9g\u0171 men\u00fc&#8221; menu_id=&#8221;2&#8243; background_color=&#8221;#ffffff&#8221; background_layout=&#8221;light&#8221; text_orientation=&#8221;center&#8221; submenu_direction=&#8221;downwards&#8221; fullwidth_menu=&#8221;off&#8221; dropdown_menu_animation=&#8221;fade&#8221;] [\/et_pb_fullwidth_menu][\/et_pb_section]<\/p>\n\n\n\n[et_pb_section admin_label=&#8221;Szakasz&#8221; fullwidth=&#8221;off&#8221; specialty=&#8221;on&#8221;][et_pb_column type=&#8221;1_4&#8243;][et_pb_image admin_label=&#8221;K\u00e9p&#8221; src=&#8221;https:\/\/mibt.hu\/olvasosarok\/wp-content\/uploads\/sites\/5\/2015\/10\/1658190_b_6874.jpg&#8221; show_in_lightbox=&#8221;off&#8221; url_new_window=&#8221;off&#8221; animation=&#8221;off&#8221; sticky=&#8221;off&#8221; align=&#8221;left&#8221; force_fullwidth=&#8221;off&#8221; always_center_on_mobile=&#8221;on&#8221; use_border_color=&#8221;off&#8221; border_color=&#8221;#ffffff&#8221; border_style=&#8221;solid&#8221;] [\/et_pb_image][\/et_pb_column][et_pb_column type=&#8221;3_4&#8243; specialty_columns=&#8221;3&#8243;][et_pb_row_inner admin_label=&#8221;Sor&#8221;][et_pb_column_inner type=&#8221;4_4&#8243; saved_specialty_column_type=&#8221;3_4&#8243;][et_pb_text admin_label=&#8221;Sz\u00f6veg&#8221; background_layout=&#8221;light&#8221; text_orientation=&#8221;left&#8221; text_font_size=&#8221;14&#8243; use_border_color=&#8221;off&#8221; border_color=&#8221;#ffffff&#8221; border_style=&#8221;solid&#8221;]\n<h2 style=\"text-align: justify;\">Kunv\u00e1r N\u00e1r\u00e1jan&nbsp;(1927. szept. 19. &#8211; )<\/h2>\n<p style=\"text-align: justify;\">Indiai k\u00f6lt\u0151, \u00edr\u00f3, kritikus. 1951-ben fejezte be egyetemi tanulm\u00e1nyait angol irodalomb\u00f3l Lakhna\u00faban. Els\u0151 versesk\u00f6tete <em>Csakra-vj\u00fah<\/em> \u2019K\u00f6rk\u00f6r\u00f6s hadirend\u2019 1956-ban jelent meg. Egyike volt a <em>T\u00edszr\u00e1 szaptak<\/em> \u2019A Hetek harmadik k\u00f6tete\u2019 antol\u00f3gia k\u00f6lt\u0151inek, amely 1959-ben k\u00f6vette az experimentalizmusnak nevezett irodalmi ir\u00e1nyzatot megnyit\u00f3 <em>Pehl\u00e1 szaptak<\/em> \u2019Hetek els\u0151 k\u00f6tete\u2019 versgy\u0171jtem\u00e9nyt. Munk\u00e1ss\u00e1g\u00e1\u00e9rt sz\u00e1mos indiai irodalmi d\u00edjban r\u00e9szes\u00fclt; 1995-ben a <em>Ko\u00ed d\u00faszr\u00e1 nah\u00edn<\/em> \u2019Nincs senki m\u00e1s\u2019 versesk\u00f6tete az Indiai Irodalmi Akad\u00e9mia d\u00edj\u00e1t kapta meg.<\/p>\n<p style=\"text-align: justify;\">1971-ben novell\u00e1i, 1998-t\u00f3l pedig t\u00f6bb irodalmi kritik\u00e1kat, illetve essz\u00e9ket tartalmaz\u00f3 k\u00f6tete jelent meg. Ford\u00edtott Mallarme, Kavafisz, Jorge-Lous Borges, Gunter Grass, Tadeusz Rozevicz m\u0171veket hindire.<\/p>\n[\/et_pb_text][et_pb_text admin_label=&#8221;Sz\u00f6veg&#8221; background_layout=&#8221;light&#8221; text_orientation=&#8221;left&#8221; text_font_size=&#8221;14&#8243; use_border_color=&#8221;off&#8221; border_color=&#8221;#ffffff&#8221; border_style=&#8221;solid&#8221;]\n<h2>M\u0171veib\u0151l<\/h2>\n[\/et_pb_text][et_pb_text admin_label=&#8221;Sz\u00f6veg&#8221; background_layout=&#8221;light&#8221; text_orientation=&#8221;left&#8221; text_font_size=&#8221;14&#8243; use_border_color=&#8221;off&#8221; border_color=&#8221;#ffffff&#8221; border_style=&#8221;solid&#8221;]\n<h4>Megk\u00e9sve \u00e9rkeztem a vil\u00e1gra<\/h4>\nmegk\u00e9sve \u00e9rkeztem a vil\u00e1gra<br>\n<br>\naz eg\u00e9sz f\u00f6ldkereks\u00e9g<br>\nciviliz\u00e1lt lett<br>\n<br>\nkiv\u00e1gtak minden erd\u0151t<br>\nmeg\u00f6ltek minden \u00e1llatot<br>\nmegsz\u0171nt az es\u0151<br>\n\u00e9s izzott a f\u00f6ld<br>\nmint egy t\u0171zgoly\u00f3<br>\n<br>\nk\u00f6r\u00f6s-k\u00f6r\u00fcl v\u00e9gel\u00e1thatatlan<br>\nvasbeton dzsungelek n\u0151ttek<br>\nbenn\u00fck p\u00e1r ember bukkant el\u0151:<br>\nrendk\u00edv\u00fcl fejlett technik\u00e1val<br>\ncsak emberekre vad\u00e1sztak\u2026<br>\n<br>\nmegk\u00e9sve \u00e9rkeztem erre a vil\u00e1gra<br>\n<br>\n(N\u00e9gyesi M\u00e1ria ford\u00edt\u00e1sa)\n<\/p><br><\/p>\n<h4>Egy furcsa nap<\/h4>\nMa eg\u00e9sz nap odakint j\u00e1rtam,<br>\n\u00e9s nem t\u00f6rt\u00e9nt semmi baj,<br>\nma eg\u00e9sz nap emberekkel tal\u00e1lkoztam,<br>\n\u00e9s sehol nem al\u00e1ztak meg.<br>\nMa eg\u00e9sz nap igazat mondtam,<br>\n\u00e9s senki nem vette rossz n\u00e9ven.<br>\nMa megb\u00edztam mindenkiben,<br>\n\u00e9s sehol nem vertek \u00e1t.<br>\n<br>\n\u00c9s az volt a legnagyobb csoda,<br>\nhogy hazat\u00e9rve nem valaki m\u00e1st,<br>\n\u00f6nmagamat tal\u00e1ltam,<br>\ns\u00e9rtetlen\u00fcl.\n<\/p><br><\/p>\n<h4>Foly\u00f3 a cs\u00f3nakban<\/h4>\nfoly\u00f3<br>\ns\u00f6t\u00e9t<br>\n<br>\nsz\u00e9les a v\u00edz<br>\nm\u00e9ly a s\u00f6t\u00e9t<br>\n<br>\nal\u00e1mer\u00fclt a foly\u00f3 m\u00e9ly\u00e9be a s\u00f6t\u00e9tnek<br>\nmindkett\u0151n egyszerre kell \u00e1tkelni.<br>\n<br>\nKi tudja t\u00fal a s\u00f6t\u00e9ten ragyog\u00e1s van<br>\nvagy egy m\u00e1sik s\u00f6t\u00e9ts\u00e9g?<br>\n<br>\nVan-e t\u00fals\u00f3 partja a foly\u00f3nak<br>\nvagy csak v\u00edz \u00e9s v\u00edz minden\u00fctt?<br>\n<br>\nMost \u00e9n vagyok a kapocs \u2013<br>\ncs\u00f3nak<br>\nfoly\u00f3<br>\ns\u00f6t\u00e9ts\u00e9g<br>\n<br>\ns nem tudni<br>\nki mer\u00fclt al\u00e1 s miben<br>\nkinek kell \u00e1tkelnie s minek a t\u00falpartj\u00e1ra?<br>\n<\/p><br><\/p>\n<h4>Minden rendben<\/h4>\nTegnap ism\u00e9t gyilkoss\u00e1g t\u00f6rt\u00e9nt<br>\nk\u00fcl\u00f6n\u00f6s k\u00f6r\u00fclm\u00e9nyek k\u00f6z\u00f6tt.<br>\n<br>\nBementem a k\u00f3rh\u00e1zba,<br>\nde az a hely nem k\u00f3rh\u00e1z volt.<br>\nBent tal\u00e1lkoztam az orvossal,<br>\nde az az ember nem orvos volt.<br>\nMondott valamit a n\u0151v\u00e9rnek,<br>\nde az a n\u0151 nem n\u0151v\u00e9r volt.<br>\nAzt\u00e1n bementek a m\u0171t\u0151be,<br>\nde az a hely nem m\u0171t\u0151 volt.<br>\nAz altat\u00f3-orvos<br>\nm\u00e1r kor\u00e1bban megjelent \u2013 de \u0151 is<br>\nval\u00f3j\u00e1ban valaki m\u00e1s volt.<br>\nAzt\u00e1n egy f\u00e9lholt gyereket hoztak,<br>\naki \u00e9hes volt, nem beteg.<br>\n<br>\nAz orvos az asztalr\u00f3l<br>\nfelemelte a szik\u00e9t,<br>\nde az nem szike volt,<br>\n\u2013 f\u00e9lelmetes, rozsd\u00e1s k\u00e9s.<br>\n<br>\nA k\u00e9st a gyerek gyomr\u00e1ba d\u00f6fve<br>\nmegsz\u00f3lalt:<br>\n\u201eMost m\u00e1r biztosan rendbe j\u00f6n.\u201d\n<\/p><br><\/p>\n<h4>Szem\u00e9lyle\u00edr\u00e1s egy elt\u0171ntr\u0151l<\/h4>\nB\u0151re barna, kin\u00e9zete vid\u00e9ki,<br>\nhomlok\u00e1n sebhely,<br>\nmagass\u00e1ga \u00f6t l\u00e1bn\u00e1l nem kevesebb,<br>\nolyanokat mond, hogy nincs semmi b\u00e1nata.<br>\nDadog.<br>\nHa k\u00e9rdik, h\u00e1ny \u00e9ves,<br>\nazt feleli, alig t\u00f6bb, mint n\u00e9h\u00e1ny ezred\u00e9v.<br>\nBolondnak l\u00e1tszik, de nem az.<br>\nA magass\u00e1gokb\u00f3l j\u00f3 p\u00e1rszor lezuhant, \u00e9s \u00f6sszet\u00f6rte mag\u00e1t.<br>\n<br>\n\u00cdgy azt\u00e1n megl\u00e1tszik rajta, hogy ragasztgatva van,<br>\nak\u00e1rcsak Hinduszt\u00e1n t\u00e9rk\u00e9pe.<br>\n<\/p><br><\/p>\n<h4>Ut\u00f3irat<\/h4>\nBeny\u00fajtom a lemond\u00e1somat<br>\n\u00fczletr\u0151l<br>\ncsal\u00e1dr\u00f3l<br>\nkorm\u00e1nyz\u00e1sr\u00f3l<br>\n<br>\nNem fogadom el<br>\nhogy kifizessenek<br>\nakci\u00f3s \u00e1ron<br>\nr\u00e9szletfizet\u00e9ssel<br>\n<br> \nMeg akarom tanulni<br>\nhogy \u00fajra \u00e9ljek<br>\nn\u00e9gyk\u00e9zl\u00e1b j\u00e1rjak<br>\nmint a gyerekek<br>\nl\u00e1bra \u00e1lljak<br>\ns utolj\u00e1ra<br>\nmiel\u0151tt botladozva elesem<br>\nszeretn\u00e9m ha siker\u00fclne<br>\nm\u00e9g egyszer \u00fajra<br>\n\u00e9lnem.<br>\n<br>\n(N\u00e9gyesi M\u00e1ria ford\u00edt\u00e1sai)\n<br>\nMegjelent: Kort\u00e1rs indiai irodalom. Nagyvil\u00e1g. Vil\u00e1girodalmi foly\u00f3irat. 2010\/10. Budapest\n<\/p><br><\/p>\n<h4>Pillang\u00f3-orsz\u00e1gban<\/h4>\nk\u00e1pr\u00e1zat fogott el egyszer<br>\npillang\u00f3-orsz\u00e1gba \u00e9rkeztem<br>\ns kerget egy pillang\u00f3<br>\n<br>\nmegtorpantam<br>\nmegtorpant<br>\nh\u00e1trafordultam, n\u00e9ztem<br>\nh\u00e1trafordult, n\u00e9zett<br>\nmajd, hogy m\u00f6g\u00e9 iramodtam<br>\nmaga m\u00f6g\u00e9 iramodott \u0151 is<br>\n<br>\na lepk\u00e9t is<br>\nk\u00e1pr\u00e1zat fogta el:<br>\na pillang\u00f3k orsz\u00e1g\u00e1ban van<br>\ns kergeti valaki.<br>\n<br>\n(N\u00e9gyesi M\u00e1ria ford\u00edt\u00e1sa)<br>\n<br>\n[\/et_pb_text][\/et_pb_column_inner][\/et_pb_row_inner][\/et_pb_column][\/et_pb_section]\n","protected":false},"excerpt":{"rendered":"<p>Kunv\u00e1r N\u00e1r\u00e1jan&nbsp;(1927. szept. 19. &#8211; ) Indiai k\u00f6lt\u0151, \u00edr\u00f3, kritikus. 1951-ben fejezte be egyetemi tanulm\u00e1nyait angol irodalomb\u00f3l Lakhna\u00faban. Els\u0151 versesk\u00f6tete Csakra-vj\u00fah \u2019K\u00f6rk\u00f6r\u00f6s hadirend\u2019 1956-ban jelent meg. Egyike volt a T\u00edszr\u00e1 szaptak \u2019A Hetek harmadik k\u00f6tete\u2019 antol\u00f3gia k\u00f6lt\u0151inek, amely 1959-ben k\u00f6vette az experimentalizmusnak nevezett irodalmi ir\u00e1nyzatot megnyit\u00f3 Pehl\u00e1 szaptak \u2019Hetek els\u0151 k\u00f6tete\u2019 versgy\u0171jtem\u00e9nyt. Munk\u00e1ss\u00e1g\u00e1\u00e9rt sz\u00e1mos indiai [&hellip;]<\/p>\n","protected":false},"author":5,"featured_media":0,"parent":0,"menu_order":0,"comment_status":"closed","ping_status":"closed","template":"","meta":{"_et_pb_use_builder":"on","_et_pb_old_content":"","_et_gb_content_width":"","footnotes":""},"class_list":["post-511","page","type-page","status-publish","hentry"],"_links":{"self":[{"href":"https:\/\/mibt.hu\/olvasosarok\/wp-json\/wp\/v2\/pages\/511","targetHints":{"allow":["GET"]}}],"collection":[{"href":"https:\/\/mibt.hu\/olvasosarok\/wp-json\/wp\/v2\/pages"}],"about":[{"href":"https:\/\/mibt.hu\/olvasosarok\/wp-json\/wp\/v2\/types\/page"}],"author":[{"embeddable":true,"href":"https:\/\/mibt.hu\/olvasosarok\/wp-json\/wp\/v2\/users\/5"}],"replies":[{"embeddable":true,"href":"https:\/\/mibt.hu\/olvasosarok\/wp-json\/wp\/v2\/comments?post=511"}],"version-history":[{"count":10,"href":"https:\/\/mibt.hu\/olvasosarok\/wp-json\/wp\/v2\/pages\/511\/revisions"}],"predecessor-version":[{"id":1459,"href":"https:\/\/mibt.hu\/olvasosarok\/wp-json\/wp\/v2\/pages\/511\/revisions\/1459"}],"wp:attachment":[{"href":"https:\/\/mibt.hu\/olvasosarok\/wp-json\/wp\/v2\/media?parent=511"}],"curies":[{"name":"wp","href":"https:\/\/api.w.org\/{rel}","templated":true}]}}