{"id":47,"date":"2015-09-11T16:47:00","date_gmt":"2015-09-11T16:47:00","guid":{"rendered":"https:\/\/mibt.hu\/olvasosarok\/?page_id=47"},"modified":"2016-06-21T07:18:37","modified_gmt":"2016-06-21T07:18:37","slug":"angol","status":"publish","type":"page","link":"https:\/\/mibt.hu\/olvasosarok\/angol\/","title":{"rendered":"Angol"},"content":{"rendered":"<p>[et_pb_section admin_label=&#8221;Szakasz&#8221; fullwidth=&#8221;on&#8221; specialty=&#8221;off&#8221;][et_pb_fullwidth_menu admin_label=&#8221;Teljes sz\u00e9less\u00e9g\u0171 men\u00fc&#8221; menu_id=&#8221;2&#8243; background_color=&#8221;#ffffff&#8221; background_layout=&#8221;light&#8221; text_orientation=&#8221;center&#8221; submenu_direction=&#8221;downwards&#8221; fullwidth_menu=&#8221;off&#8221; dropdown_menu_animation=&#8221;fade&#8221;] [\/et_pb_fullwidth_menu][\/et_pb_section][et_pb_section admin_label=&#8221;section&#8221;][et_pb_row admin_label=&#8221;row&#8221;][et_pb_column type=&#8221;4_4&#8243;][et_pb_text admin_label=&#8221;Sz\u00f6veg&#8221; background_layout=&#8221;light&#8221; text_orientation=&#8221;center&#8221; text_font_size=&#8221;14&#8243; use_border_color=&#8221;off&#8221; border_color=&#8221;#ffffff&#8221; border_style=&#8221;solid&#8221;]<\/p>\n<h1>Angol<\/h1>\n<p>[\/et_pb_text][\/et_pb_column][\/et_pb_row][et_pb_row admin_label=&#8221;Sor&#8221;][et_pb_column type=&#8221;1_3&#8243;][et_pb_image admin_label=&#8221;K\u00e9p &#8211; rushdie&#8221; src=&#8221;https:\/\/mibt.hu\/olvasosarok\/wp-content\/uploads\/sites\/5\/2015\/09\/rushdie.jpg&#8221; show_in_lightbox=&#8221;off&#8221; url_new_window=&#8221;off&#8221; animation=&#8221;off&#8221; sticky=&#8221;off&#8221; align=&#8221;left&#8221; force_fullwidth=&#8221;off&#8221; always_center_on_mobile=&#8221;on&#8221; use_border_color=&#8221;off&#8221; border_color=&#8221;#ffffff&#8221; border_style=&#8221;solid&#8221;] [\/et_pb_image][et_pb_text admin_label=&#8221;Sz\u00f6veg-Rushdie&#8221; background_layout=&#8221;light&#8221; text_orientation=&#8221;left&#8221; text_font_size=&#8221;14&#8243; use_border_color=&#8221;off&#8221; border_color=&#8221;#ffffff&#8221; border_style=&#8221;solid&#8221;]<\/p>\n<h2 style=\"text-align: center;\"><a href=\"https:\/\/mibt.hu\/olvasosarok\/angol\/salman-rushdie\/\">Salman Rushdie<\/a><\/h2>\n<p>[\/et_pb_text][et_pb_image admin_label=&#8221;K\u00e9p &#8211; lahiri&#8221; src=&#8221;https:\/\/mibt.hu\/olvasosarok\/wp-content\/uploads\/sites\/5\/2015\/09\/jhumpa_lahiri_20131007.jpg&#8221; show_in_lightbox=&#8221;off&#8221; url_new_window=&#8221;off&#8221; animation=&#8221;off&#8221; sticky=&#8221;off&#8221; align=&#8221;left&#8221; force_fullwidth=&#8221;off&#8221; always_center_on_mobile=&#8221;on&#8221; use_border_color=&#8221;off&#8221; border_color=&#8221;#ffffff&#8221; border_style=&#8221;solid&#8221;] [\/et_pb_image][et_pb_text admin_label=&#8221;Sz\u00f6veg &#8211; lahiri&#8221; background_layout=&#8221;light&#8221; text_orientation=&#8221;center&#8221; text_font_size=&#8221;14&#8243; use_border_color=&#8221;off&#8221; border_color=&#8221;#ffffff&#8221; border_style=&#8221;solid&#8221;]<\/p>\n<h2 style=\"text-align: center;\"><a href=\"https:\/\/mibt.hu\/olvasosarok\/jhumpa-lahiri\/\">Jhumpa Lahiri<\/a><\/h2>\n<p>[\/et_pb_text][\/et_pb_column][et_pb_column type=&#8221;1_3&#8243;][et_pb_image admin_label=&#8221;K\u00e9p-Kar\u00edm&#8221; src=&#8221;https:\/\/mibt.hu\/olvasosarok\/wp-content\/uploads\/sites\/5\/2015\/10\/S-Karim.png&#8221; show_in_lightbox=&#8221;off&#8221; url_new_window=&#8221;off&#8221; animation=&#8221;off&#8221; sticky=&#8221;off&#8221; align=&#8221;left&#8221; force_fullwidth=&#8221;off&#8221; always_center_on_mobile=&#8221;on&#8221; use_border_color=&#8221;off&#8221; border_color=&#8221;#ffffff&#8221; border_style=&#8221;solid&#8221;] [\/et_pb_image][et_pb_text admin_label=&#8221;Sz\u00f6veg-Kar\u00edm&#8221; background_layout=&#8221;light&#8221; text_orientation=&#8221;left&#8221; text_font_size=&#8221;14&#8243; use_border_color=&#8221;off&#8221; border_color=&#8221;#ffffff&#8221; border_style=&#8221;solid&#8221;]<\/p>\n<h2 style=\"text-align: center;\"><a href=\"https:\/\/mibt.hu\/olvasosarok\/?p=601\" target=\"_blank\">Sheba Karim<\/a><\/h2>\n<p>[\/et_pb_text][et_pb_image admin_label=&#8221;K\u00e9p- v seth&#8221; src=&#8221;https:\/\/mibt.hu\/olvasosarok\/wp-content\/uploads\/sites\/5\/2015\/10\/V-Seth.png&#8221; show_in_lightbox=&#8221;off&#8221; url_new_window=&#8221;off&#8221; animation=&#8221;off&#8221; sticky=&#8221;off&#8221; align=&#8221;left&#8221; force_fullwidth=&#8221;off&#8221; always_center_on_mobile=&#8221;on&#8221; use_border_color=&#8221;off&#8221; border_color=&#8221;#ffffff&#8221; border_style=&#8221;solid&#8221;] [\/et_pb_image][et_pb_text admin_label=&#8221;Sz\u00f6veg- V Sz\u00e9th&#8221; background_layout=&#8221;light&#8221; text_orientation=&#8221;left&#8221; text_font_size=&#8221;14&#8243; use_border_color=&#8221;off&#8221; border_color=&#8221;#ffffff&#8221; border_style=&#8221;solid&#8221;]<\/p>\n<h2 style=\"text-align: center;\"><a href=\"https:\/\/mibt.hu\/olvasosarok\/?p=615\" target=\"_blank\">Vikram Seth<\/a><\/h2>\n<p>[\/et_pb_text][\/et_pb_column][et_pb_column type=&#8221;1_3&#8243;][et_pb_image admin_label=&#8221;K\u00e9p-Sz Jabar&#8221; src=&#8221;https:\/\/mibt.hu\/olvasosarok\/wp-content\/uploads\/sites\/5\/2015\/10\/Sz-Jabar.png&#8221; show_in_lightbox=&#8221;off&#8221; url_new_window=&#8221;off&#8221; animation=&#8221;off&#8221; sticky=&#8221;off&#8221; align=&#8221;left&#8221; force_fullwidth=&#8221;off&#8221; always_center_on_mobile=&#8221;on&#8221; use_border_color=&#8221;off&#8221; border_color=&#8221;#ffffff&#8221; border_style=&#8221;solid&#8221;] [\/et_pb_image][et_pb_text admin_label=&#8221;Sz\u00f6veg- Sz Dzsabar&#8221; background_layout=&#8221;light&#8221; text_orientation=&#8221;left&#8221; text_font_size=&#8221;14&#8243; use_border_color=&#8221;off&#8221; border_color=&#8221;#ffffff&#8221; border_style=&#8221;solid&#8221;]<\/p>\n<h2 style=\"text-align: center;\"><a href=\"https:\/\/mibt.hu\/olvasosarok\/?p=594\" target=\"_blank\">Sonia Jabbar<\/a><\/h2>\n<p>[\/et_pb_text][\/et_pb_column][\/et_pb_row][\/et_pb_section]<\/p>\n","protected":false},"excerpt":{"rendered":"<p>Angol Salman Rushdie Jhumpa Lahiri Sheba Karim Vikram Seth Sonia Jabbar<\/p>\n","protected":false},"author":4,"featured_media":0,"parent":0,"menu_order":0,"comment_status":"closed","ping_status":"closed","template":"","meta":{"_et_pb_use_builder":"on","_et_pb_old_content":"","_et_gb_content_width":"","footnotes":""},"class_list":["post-47","page","type-page","status-publish","hentry"],"_links":{"self":[{"href":"https:\/\/mibt.hu\/olvasosarok\/wp-json\/wp\/v2\/pages\/47","targetHints":{"allow":["GET"]}}],"collection":[{"href":"https:\/\/mibt.hu\/olvasosarok\/wp-json\/wp\/v2\/pages"}],"about":[{"href":"https:\/\/mibt.hu\/olvasosarok\/wp-json\/wp\/v2\/types\/page"}],"author":[{"embeddable":true,"href":"https:\/\/mibt.hu\/olvasosarok\/wp-json\/wp\/v2\/users\/4"}],"replies":[{"embeddable":true,"href":"https:\/\/mibt.hu\/olvasosarok\/wp-json\/wp\/v2\/comments?post=47"}],"version-history":[{"count":11,"href":"https:\/\/mibt.hu\/olvasosarok\/wp-json\/wp\/v2\/pages\/47\/revisions"}],"predecessor-version":[{"id":498,"href":"https:\/\/mibt.hu\/olvasosarok\/wp-json\/wp\/v2\/pages\/47\/revisions\/498"}],"wp:attachment":[{"href":"https:\/\/mibt.hu\/olvasosarok\/wp-json\/wp\/v2\/media?parent=47"}],"curies":[{"name":"wp","href":"https:\/\/api.w.org\/{rel}","templated":true}]}}