{"id":355,"date":"2015-10-27T00:50:23","date_gmt":"2015-10-27T00:50:23","guid":{"rendered":"https:\/\/mibt.hu\/olvasosarok\/?page_id=355"},"modified":"2016-06-15T09:12:11","modified_gmt":"2016-06-15T09:12:11","slug":"premcsand","status":"publish","type":"page","link":"https:\/\/mibt.hu\/olvasosarok\/premcsand\/","title":{"rendered":"Pr\u00e9mcsand"},"content":{"rendered":"<p>[et_pb_section admin_label=&#8221;Szakasz&#8221; fullwidth=&#8221;on&#8221; specialty=&#8221;off&#8221;][et_pb_fullwidth_menu admin_label=&#8221;Teljes sz\u00e9less\u00e9g\u0171 men\u00fc&#8221; menu_id=&#8221;2&#8243; background_color=&#8221;#ffffff&#8221; background_layout=&#8221;light&#8221; text_orientation=&#8221;center&#8221; submenu_direction=&#8221;downwards&#8221; fullwidth_menu=&#8221;off&#8221; dropdown_menu_animation=&#8221;fade&#8221;] [\/et_pb_fullwidth_menu][\/et_pb_section][et_pb_section admin_label=&#8221;Szakasz&#8221; fullwidth=&#8221;off&#8221; specialty=&#8221;on&#8221;][et_pb_column type=&#8221;1_4&#8243;][et_pb_image admin_label=&#8221;K\u00e9p&#8221; src=&#8221;https:\/\/mibt.hu\/olvasosarok\/wp-content\/uploads\/sites\/5\/2015\/10\/Premchand_4_a-1.jpg&#8221; show_in_lightbox=&#8221;off&#8221; url_new_window=&#8221;off&#8221; animation=&#8221;off&#8221; sticky=&#8221;off&#8221; align=&#8221;left&#8221; force_fullwidth=&#8221;off&#8221; always_center_on_mobile=&#8221;on&#8221; use_border_color=&#8221;off&#8221; border_color=&#8221;#ffffff&#8221; border_style=&#8221;solid&#8221;] [\/et_pb_image][\/et_pb_column][et_pb_column type=&#8221;3_4&#8243; specialty_columns=&#8221;3&#8243;][et_pb_row_inner admin_label=&#8221;Sor&#8221;][et_pb_column_inner type=&#8221;4_4&#8243; saved_specialty_column_type=&#8221;3_4&#8243;][et_pb_text admin_label=&#8221;Sz\u00f6veg&#8221; background_layout=&#8221;light&#8221; text_orientation=&#8221;left&#8221; text_font_size=&#8221;14&#8243; use_border_color=&#8221;off&#8221; border_color=&#8221;#ffffff&#8221; border_style=&#8221;solid&#8221;]<\/p>\n<h2>Pr\u00e9mcsand (1880-1936)<\/h2>\n<p style=\"text-align: justify;\">A hindi pr\u00f3zairodalom legnagyobb alakja. Falusi iskolamester, majd tanfel\u00fcgyel\u0151 volt. 1921-ben Mah\u00e1tm\u00e1 G\u00e1ndhi bojkottfelh\u00edv\u00e1s\u00e1nak engedelmeskedve lemondott k\u00f6zalkalmazotti \u00e1ll\u00e1s\u00e1r\u00f3l, \u00edr\u00e1sb\u00f3l \u00e9s publicisztik\u00e1b\u00f3l igyekezett meg\u00e9lni. Pr\u00e9mcsand korai iskol\u00e1ztat\u00e1sa, ak\u00e1rcsak \u00edr\u00f3i p\u00e1lyafut\u00e1s\u00e1nak kezdete az urd\u00fa nyelvhez k\u00f6t\u0151dik, a szerz\u0151t mindm\u00e1ig az urd\u00fa irodalom legnagyobbjai k\u00f6zt tartj\u00e1k sz\u00e1mon. Az 1910-es \u00e9vekben meger\u0151s\u00f6d\u0151 nemzeti f\u00fcggetlens\u00e9gi mozgalom hat\u00e1s\u00e1ra hindi\u00fcl kezdett \u00edrni, megteremtve a hind\u00ed realista irodalmat. Magyarul k\u00e9t reg\u00e9nye (Az \u00e1ldozati teh\u00e9n, 1959 \u00e9s Nirmal\u00e1, 1980) \u00e9s mintegy t\u00edz novell\u00e1ja jelent meg. A realizmus azonban nem kiz\u00e1r\u00f3lagos st\u00edlus Pr\u00e9mcsandn\u00e1l, \u00e9s sz\u00e1mos elbesz\u00e9l\u00e9se \u00e9pp\u00fagy mer\u00edt a t\u00f6bb\u00e9vezredes indiai mesemond\u00f3 hagyom\u00e1nyb\u00f3l, mint a modern eur\u00f3pai elbesz\u00e9l\u00e9s eszk\u00f6zt\u00e1r\u00e1b\u00f3l.<\/p>\n<p>[\/et_pb_text][et_pb_text admin_label=&#8221;Sz\u00f6veg&#8221; background_layout=&#8221;light&#8221; text_orientation=&#8221;left&#8221; text_font_size=&#8221;14&#8243; use_border_color=&#8221;off&#8221; border_color=&#8221;#ffffff&#8221; border_style=&#8221;solid&#8221;]<\/p>\n<h2>M\u0171veib\u0151l<\/h2>\n<p>[\/et_pb_text][et_pb_blog admin_label=&#8221;Blog&#8221; fullwidth=&#8221;on&#8221; include_categories=&#8221;28&#8243; show_thumbnail=&#8221;on&#8221; show_content=&#8221;on&#8221; show_more=&#8221;off&#8221; show_author=&#8221;off&#8221; show_date=&#8221;off&#8221; show_categories=&#8221;on&#8221; show_comments=&#8221;off&#8221; show_pagination=&#8221;off&#8221; offset_number=&#8221;0&#8243; background_layout=&#8221;light&#8221; use_dropshadow=&#8221;off&#8221; header_font_size=&#8221;18&#8243; meta_font_size=&#8221;14&#8243; body_font_size=&#8221;14&#8243; use_border_color=&#8221;off&#8221; border_color=&#8221;#ffffff&#8221; border_style=&#8221;solid&#8221;] [\/et_pb_blog][\/et_pb_column_inner][\/et_pb_row_inner][\/et_pb_column][\/et_pb_section]<\/p>\n","protected":false},"excerpt":{"rendered":"<p>Pr\u00e9mcsand (1880-1936) A hindi pr\u00f3zairodalom legnagyobb alakja. Falusi iskolamester, majd tanfel\u00fcgyel\u0151 volt. 1921-ben Mah\u00e1tm\u00e1 G\u00e1ndhi bojkottfelh\u00edv\u00e1s\u00e1nak engedelmeskedve lemondott k\u00f6zalkalmazotti \u00e1ll\u00e1s\u00e1r\u00f3l, \u00edr\u00e1sb\u00f3l \u00e9s publicisztik\u00e1b\u00f3l igyekezett meg\u00e9lni. Pr\u00e9mcsand korai iskol\u00e1ztat\u00e1sa, ak\u00e1rcsak \u00edr\u00f3i p\u00e1lyafut\u00e1s\u00e1nak kezdete az urd\u00fa nyelvhez k\u00f6t\u0151dik, a szerz\u0151t mindm\u00e1ig az urd\u00fa irodalom legnagyobbjai k\u00f6zt tartj\u00e1k sz\u00e1mon. Az 1910-es \u00e9vekben meger\u0151s\u00f6d\u0151 nemzeti f\u00fcggetlens\u00e9gi mozgalom hat\u00e1s\u00e1ra hindi\u00fcl [&hellip;]<\/p>\n","protected":false},"author":4,"featured_media":0,"parent":0,"menu_order":0,"comment_status":"closed","ping_status":"closed","template":"","meta":{"_et_pb_use_builder":"on","_et_pb_old_content":"","_et_gb_content_width":"","footnotes":""},"class_list":["post-355","page","type-page","status-publish","hentry"],"_links":{"self":[{"href":"https:\/\/mibt.hu\/olvasosarok\/wp-json\/wp\/v2\/pages\/355","targetHints":{"allow":["GET"]}}],"collection":[{"href":"https:\/\/mibt.hu\/olvasosarok\/wp-json\/wp\/v2\/pages"}],"about":[{"href":"https:\/\/mibt.hu\/olvasosarok\/wp-json\/wp\/v2\/types\/page"}],"author":[{"embeddable":true,"href":"https:\/\/mibt.hu\/olvasosarok\/wp-json\/wp\/v2\/users\/4"}],"replies":[{"embeddable":true,"href":"https:\/\/mibt.hu\/olvasosarok\/wp-json\/wp\/v2\/comments?post=355"}],"version-history":[{"count":10,"href":"https:\/\/mibt.hu\/olvasosarok\/wp-json\/wp\/v2\/pages\/355\/revisions"}],"predecessor-version":[{"id":1240,"href":"https:\/\/mibt.hu\/olvasosarok\/wp-json\/wp\/v2\/pages\/355\/revisions\/1240"}],"wp:attachment":[{"href":"https:\/\/mibt.hu\/olvasosarok\/wp-json\/wp\/v2\/media?parent=355"}],"curies":[{"name":"wp","href":"https:\/\/api.w.org\/{rel}","templated":true}]}}