{"id":239,"date":"2015-10-25T20:22:52","date_gmt":"2015-10-25T20:22:52","guid":{"rendered":"https:\/\/mibt.hu\/olvasosarok\/?page_id=239"},"modified":"2016-06-15T09:08:03","modified_gmt":"2016-06-15T09:08:03","slug":"jaspal-1903-1976","status":"publish","type":"page","link":"https:\/\/mibt.hu\/olvasosarok\/jaspal-1903-1976\/","title":{"rendered":"Jasp\u00e1l (1903-1976)"},"content":{"rendered":"<p>[et_pb_section admin_label=&#8221;Szakasz&#8221; fullwidth=&#8221;on&#8221; specialty=&#8221;off&#8221;][et_pb_fullwidth_menu admin_label=&#8221;Teljes sz\u00e9less\u00e9g\u0171 men\u00fc&#8221; menu_id=&#8221;2&#8243; background_color=&#8221;#ffffff&#8221; background_layout=&#8221;light&#8221; text_orientation=&#8221;center&#8221; submenu_direction=&#8221;downwards&#8221; fullwidth_menu=&#8221;off&#8221; dropdown_menu_animation=&#8221;fade&#8221;] [\/et_pb_fullwidth_menu][\/et_pb_section][et_pb_section admin_label=&#8221;Szakasz&#8221; fullwidth=&#8221;off&#8221; specialty=&#8221;on&#8221;][et_pb_column type=&#8221;1_4&#8243;][et_pb_image admin_label=&#8221;K\u00e9p&#8221; src=&#8221;https:\/\/mibt.hu\/olvasosarok\/wp-content\/uploads\/sites\/5\/2015\/10\/Yashpal_3.jpg&#8221; show_in_lightbox=&#8221;off&#8221; url_new_window=&#8221;off&#8221; animation=&#8221;off&#8221; sticky=&#8221;off&#8221; align=&#8221;left&#8221; force_fullwidth=&#8221;off&#8221; always_center_on_mobile=&#8221;on&#8221; use_border_color=&#8221;off&#8221; border_color=&#8221;#ffffff&#8221; border_style=&#8221;solid&#8221;] [\/et_pb_image][\/et_pb_column][et_pb_column type=&#8221;3_4&#8243; specialty_columns=&#8221;3&#8243;][et_pb_row_inner admin_label=&#8221;Sor&#8221;][et_pb_column_inner type=&#8221;4_4&#8243; saved_specialty_column_type=&#8221;3_4&#8243;][et_pb_text admin_label=&#8221;Sz\u00f6veg&#8221; background_layout=&#8221;light&#8221; text_orientation=&#8221;left&#8221; text_font_size=&#8221;14&#8243; use_border_color=&#8221;off&#8221; border_color=&#8221;#ffffff&#8221; border_style=&#8221;solid&#8221;]<\/p>\n<h2>Jasp\u00e1l (1903-1976)<\/h2>\n<p style=\"text-align: justify;\">Forradalm\u00e1r \u00e9s \u00edr\u00f3. L\u00e1haurban beiratkozott a National College-ba, amely az India f\u00fcggetlens\u00e9g\u00e9rt folytatott harc forradalmi sz\u00e1rny\u00e1nak adott otthont. Itt tal\u00e1lkozott a legend\u00e1s h\u0151ssel, Bhagat Szinghgel, aki \u00e9let\u00e9t \u00e1ldozta a f\u00fcggetlens\u00e9g\u00e9rt. Jasp\u00e1l is, mivel kev\u00e9snek \u00e9s er\u0151tlennek tartotta a Mah\u00e1tm\u00e1 G\u00e1ndh\u00ed vezette er\u0151szakmentes mozgalmat, csatlakozott azokhoz, akik fegyvert fogtak. 1929-ben bomb\u00e1t robbantott az alkir\u00e1ly vonata alatt, megk\u00eds\u00e9relte Bhagat Szinghet kiszabad\u00edtani a b\u00f6rt\u00f6nb\u0151l, egy t\u0171zharcban s\u00falyosan megs\u00e9r\u00fclt. 1932-ben \u00e9letfogytiglani b\u00f6rt\u00f6nre \u00edt\u00e9lt\u00e9k, de 1938-ban m\u00e1s politikai foglyokkal egy\u00fctt \u2013 a Nemzeti Kongresszus t\u00e1rgyal\u00e1sainak k\u00f6sz\u00f6nhet\u0151en \u2013 kiszabadult. A b\u00f6rt\u00f6n\u00e9vek alatt nyelveket tanult, novell\u00e1kat \u00edrt. Szabadul\u00e1sa ut\u00e1n kiadta Lakhna\u00faban a Viplav (Forradalom) c. foly\u00f3iratot, majd ennek urd\u00fa nyelv\u0171 v\u00e1ltozat\u00e1t is.<br \/>\nA 20. sz\u00e1zadi <em>pragativ\u00e1d<\/em> (progressz\u00edv) irodalmi ir\u00e1nyzat leger\u0151teljesebb k\u00e9pvisel\u0151je. Tov\u00e1bbviszi Pr\u00e9mcsand realizmus\u00e1t, de olykor didaktikuss\u00e1 is v\u00e1lik. Ostorozza a t\u00e1rsadalmi egyenl\u0151tlens\u00e9geket, az \u00e9rtelm\u00fcket vesztett, elavult szok\u00e1sokat, a vakhitet, babon\u00e1kat. Sokak nemtetsz\u00e9s\u00e9t kiv\u00e1ltva ny\u00edltan \u00e1br\u00e1zolja a f\u00e9rfi \u00e9s n\u0151 kapcsolatot. Nagyreg\u00e9nye, a<em> Dzs\u00fath\u00e1 szacs<\/em> (Hamis igazs\u00e1g) k\u00e9t r\u00e9szben (1958, 1960) jelent meg. A reg\u00e9ny n\u0151alakjainak a sors\u00e1n kereszt\u00fcl Jasp\u00e1l t\u00f6rt\u00e9nelmi fresk\u00f3t rajzol a hindu-muszlim ellent\u00e9t ki\u00e9lez\u0151d\u00e9s\u00e9r\u0151l, India kett\u00e9oszt\u00e1s\u00e1r\u00f3l is.<\/p>\n<p>Magyarul megjelent m\u0171vei:<br \/>\n<em>F\u00fcgg\u00f6ny az ajt\u00f3n<\/em>. In: F\u00fcgg\u00f6ny az ajt\u00f3n. Mai indiai elbesz\u00e9l\u0151k. Szerk. G\u00e1thy Vera. Eur\u00f3pa K\u00f6nyvkiad\u00f3 1975. pp. 108-118.<\/p>\n<p>[\/et_pb_text][et_pb_text admin_label=&#8221;Sz\u00f6veg&#8221; background_layout=&#8221;light&#8221; text_orientation=&#8221;left&#8221; text_font_size=&#8221;14&#8243; use_border_color=&#8221;off&#8221; border_color=&#8221;#ffffff&#8221; border_style=&#8221;solid&#8221;]<\/p>\n<h2>M\u0171veib\u0151l<\/h2>\n<p>[\/et_pb_text][et_pb_blog admin_label=&#8221;Blog-jasp\u00e1l&#8221; fullwidth=&#8221;on&#8221; include_categories=&#8221;20&#8243; show_thumbnail=&#8221;on&#8221; show_content=&#8221;on&#8221; show_more=&#8221;off&#8221; show_author=&#8221;off&#8221; show_date=&#8221;off&#8221; show_categories=&#8221;on&#8221; show_comments=&#8221;off&#8221; show_pagination=&#8221;off&#8221; offset_number=&#8221;0&#8243; background_layout=&#8221;light&#8221; use_dropshadow=&#8221;off&#8221; header_font_size=&#8221;18&#8243; meta_font_size=&#8221;14&#8243; body_font_size=&#8221;14&#8243; use_border_color=&#8221;off&#8221; border_color=&#8221;#ffffff&#8221; border_style=&#8221;solid&#8221;] [\/et_pb_blog][\/et_pb_column_inner][\/et_pb_row_inner][\/et_pb_column][\/et_pb_section]<\/p>\n","protected":false},"excerpt":{"rendered":"<p>Jasp\u00e1l (1903-1976) Forradalm\u00e1r \u00e9s \u00edr\u00f3. L\u00e1haurban beiratkozott a National College-ba, amely az India f\u00fcggetlens\u00e9g\u00e9rt folytatott harc forradalmi sz\u00e1rny\u00e1nak adott otthont. Itt tal\u00e1lkozott a legend\u00e1s h\u0151ssel, Bhagat Szinghgel, aki \u00e9let\u00e9t \u00e1ldozta a f\u00fcggetlens\u00e9g\u00e9rt. Jasp\u00e1l is, mivel kev\u00e9snek \u00e9s er\u0151tlennek tartotta a Mah\u00e1tm\u00e1 G\u00e1ndh\u00ed vezette er\u0151szakmentes mozgalmat, csatlakozott azokhoz, akik fegyvert fogtak. 1929-ben bomb\u00e1t robbantott az alkir\u00e1ly [&hellip;]<\/p>\n","protected":false},"author":5,"featured_media":0,"parent":0,"menu_order":0,"comment_status":"closed","ping_status":"closed","template":"","meta":{"_et_pb_use_builder":"on","_et_pb_old_content":"<p>Forradalm\u00e1r \u00e9s \u00edr\u00f3. L\u00e1haurban beiratkozott a National College-ba, amely az India f\u00fcggetlens\u00e9g\u00e9rt folytatott harc forradalmi sz\u00e1rny\u00e1nak adott otthont. Itt tal\u00e1lkozott a legend\u00e1s h\u0151ssel, Bhagat Szinghgel, aki \u00e9let\u00e9t \u00e1ldozta a f\u00fcggetlens\u00e9g\u00e9rt. Jasp\u00e1l is, mivel kev\u00e9snek \u00e9s er\u0151tlennek tartotta a Mah\u00e1tm\u00e1 G\u00e1ndh\u00ed vezette er\u0151szakmentes mozgalmat, csatlakozott azokhoz, akik fegyvert fogtak. 1929-ben bomb\u00e1t robbantott az alkir\u00e1ly vonata alatt, megk\u00eds\u00e9relte Bhagat Szinghet kiszabad\u00edtani a b\u00f6rt\u00f6nb\u0151l, egy t\u0171zharcban s\u00falyosan megs\u00e9r\u00fclt. 1932-ben \u00e9letfogytiglani b\u00f6rt\u00f6nre \u00edt\u00e9lt\u00e9k, de 1938-ban m\u00e1s politikai foglyokkal egy\u00fctt \u2013 a Nemzeti Kongresszus t\u00e1rgyal\u00e1sainak k\u00f6sz\u00f6nhet\u0151en \u2013 kiszabadult. A b\u00f6rt\u00f6n\u00e9vek alatt nyelveket tanult, novell\u00e1kat \u00edrt. Szabadul\u00e1sa ut\u00e1n kiadta Lakhna\u00faban a Viplav (Forradalom) c. foly\u00f3iratot, majd ennek urd\u00fa nyelv\u0171 v\u00e1ltozat\u00e1t is.<br \/> A 20. sz\u00e1zadi <em>pragativ\u00e1d<\/em> (progressz\u00edv) irodalmi ir\u00e1nyzat leger\u0151teljesebb k\u00e9pvisel\u0151je. Tov\u00e1bbviszi Pr\u00e9mcsand realizmus\u00e1t, de olykor didaktikuss\u00e1 is v\u00e1lik. Ostorozza a t\u00e1rsadalmi egyenl\u0151tlens\u00e9geket, az \u00e9rtelm\u00fcket vesztett, elavult szok\u00e1sokat, a vakhitet, babon\u00e1kat. Sokak nemtetsz\u00e9s\u00e9t kiv\u00e1ltva ny\u00edltan \u00e1br\u00e1zolja a f\u00e9rfi \u00e9s n\u0151 kapcsolatot. Nagyreg\u00e9nye, a<em> Dzs\u00fath\u00e1 szacs<\/em> (Hamis igazs\u00e1g) k\u00e9t r\u00e9szben (1958, 1960) jelent meg. A reg\u00e9ny n\u0151alakjainak a sors\u00e1n kereszt\u00fcl Jasp\u00e1l t\u00f6rt\u00e9nelmi fresk\u00f3t rajzol a hindu-muszlim ellent\u00e9t ki\u00e9lez\u0151d\u00e9s\u00e9r\u0151l, India kett\u00e9oszt\u00e1s\u00e1r\u00f3l is.<\/p><p>Magyarul megjelent m\u0171vei:<br \/> <em>F\u00fcgg\u00f6ny az ajt\u00f3n<\/em>. In: F\u00fcgg\u00f6ny az ajt\u00f3n. Mai indiai elbesz\u00e9l\u0151k. Szerk. G\u00e1thy Vera. Eur\u00f3pa K\u00f6nyvkiad\u00f3 1975. pp. 108-118.<\/p>","_et_gb_content_width":"","footnotes":""},"class_list":["post-239","page","type-page","status-publish","hentry"],"_links":{"self":[{"href":"https:\/\/mibt.hu\/olvasosarok\/wp-json\/wp\/v2\/pages\/239","targetHints":{"allow":["GET"]}}],"collection":[{"href":"https:\/\/mibt.hu\/olvasosarok\/wp-json\/wp\/v2\/pages"}],"about":[{"href":"https:\/\/mibt.hu\/olvasosarok\/wp-json\/wp\/v2\/types\/page"}],"author":[{"embeddable":true,"href":"https:\/\/mibt.hu\/olvasosarok\/wp-json\/wp\/v2\/users\/5"}],"replies":[{"embeddable":true,"href":"https:\/\/mibt.hu\/olvasosarok\/wp-json\/wp\/v2\/comments?post=239"}],"version-history":[{"count":10,"href":"https:\/\/mibt.hu\/olvasosarok\/wp-json\/wp\/v2\/pages\/239\/revisions"}],"predecessor-version":[{"id":1230,"href":"https:\/\/mibt.hu\/olvasosarok\/wp-json\/wp\/v2\/pages\/239\/revisions\/1230"}],"wp:attachment":[{"href":"https:\/\/mibt.hu\/olvasosarok\/wp-json\/wp\/v2\/media?parent=239"}],"curies":[{"name":"wp","href":"https:\/\/api.w.org\/{rel}","templated":true}]}}