{"id":228,"date":"2015-10-25T20:09:46","date_gmt":"2015-10-25T20:09:46","guid":{"rendered":"https:\/\/mibt.hu\/olvasosarok\/?page_id=228"},"modified":"2016-06-15T09:15:47","modified_gmt":"2016-06-15T09:15:47","slug":"udaj-prakas-1951","status":"publish","type":"page","link":"https:\/\/mibt.hu\/olvasosarok\/udaj-prakas-1951\/","title":{"rendered":"Udaj Prak\u00e1s (1951\u2013)"},"content":{"rendered":"<p>[et_pb_section admin_label=&#8221;Szakasz&#8221; fullwidth=&#8221;on&#8221; specialty=&#8221;off&#8221;][et_pb_fullwidth_menu admin_label=&#8221;Teljes sz\u00e9less\u00e9g\u0171 men\u00fc&#8221; menu_id=&#8221;2&#8243; background_color=&#8221;#ffffff&#8221; background_layout=&#8221;light&#8221; text_orientation=&#8221;center&#8221; submenu_direction=&#8221;downwards&#8221; fullwidth_menu=&#8221;off&#8221; dropdown_menu_animation=&#8221;fade&#8221;] [\/et_pb_fullwidth_menu][\/et_pb_section][et_pb_section admin_label=&#8221;Szakasz&#8221; fullwidth=&#8221;off&#8221; specialty=&#8221;on&#8221;][et_pb_column type=&#8221;1_4&#8243;][et_pb_image admin_label=&#8221;K\u00e9p&#8221; src=&#8221;https:\/\/mibt.hu\/olvasosarok\/wp-content\/uploads\/sites\/5\/2015\/10\/udayprakash.jpg&#8221; show_in_lightbox=&#8221;off&#8221; url_new_window=&#8221;off&#8221; animation=&#8221;off&#8221; sticky=&#8221;off&#8221; align=&#8221;left&#8221; force_fullwidth=&#8221;off&#8221; always_center_on_mobile=&#8221;on&#8221; use_border_color=&#8221;off&#8221; border_color=&#8221;#ffffff&#8221; border_style=&#8221;solid&#8221;] [\/et_pb_image][\/et_pb_column][et_pb_column type=&#8221;3_4&#8243; specialty_columns=&#8221;3&#8243;][et_pb_row_inner admin_label=&#8221;Sor&#8221;][et_pb_column_inner type=&#8221;4_4&#8243; saved_specialty_column_type=&#8221;3_4&#8243;][et_pb_text admin_label=&#8221;Sz\u00f6veg&#8221; background_layout=&#8221;light&#8221; text_orientation=&#8221;left&#8221; text_font_size=&#8221;14&#8243; use_border_color=&#8221;off&#8221; border_color=&#8221;#ffffff&#8221; border_style=&#8221;solid&#8221;]<\/p>\n<h2 style=\"text-align: justify;\">Udaj Prak\u00e1s (1951-)<\/h2>\n<p style=\"text-align: justify;\">\u00cdr\u00f3, k\u00f6lt\u0151, \u00fajs\u00e1g\u00edr\u00f3, irodalomkritikus \u00e9s filmrendez\u0151. Egyike a legnagyobb elismerts\u00e9gnek \u00f6rvend\u0151 kort\u00e1rs indiai \u00edr\u00f3knak.\u00a0 Hind\u00ed irodalmat tanult a Madhja Prad\u00e9s-i Szaugar Egyetemen, 1974-ben kit\u00fcntet\u00e9ssel fejezte be tanulm\u00e1nyait. Volt a delhi Dzsav\u00e1harl\u00e1l N\u00e9hr\u00fa Egyetem oktat\u00f3ja, dolgozott az \u00e1llamigazgat\u00e1sban, volt telev\u00edzi\u00f3s szaktan\u00e1csad\u00f3. R\u00e9szt vett sz\u00e1mos foly\u00f3irat szerkeszt\u00e9s\u00e9ben (<em>P\u00farv\u00e1grah, Dinm\u00e1n<\/em>). Rendszeresen \u00edr ismert napilapokba \u00e9s irodalmi foly\u00f3iratokba. Els\u0151 versesk\u00f6tete 1980-ban jelent meg, sz\u00e1mos novell\u00e1ja k\u00f6z\u00fcl a 2001-ben megjelent <em>Piros eserny\u0151s l\u00e1ny (P\u00edl\u00ed cshatr\u00ed v\u00e1l\u00ed lark\u00ed)<\/em> aratott nagy sikert, angolra, n\u00e9metre is leford\u00edtott\u00e1k. Ebb\u0151l k\u00e9s\u0151bb forgat\u00f3k\u00f6nyvet \u00edrt egy huszonhat r\u00e9szes t\u00e9v\u00e9sorozathoz. <em>Mohan D\u00e1sz<\/em> c. reg\u00e9ny\u00e9t\u00a0 az angolon k\u00edv\u00fcl\u00a0 sz\u00e1mos indiai nyelvre leford\u00edtott\u00e1k. K\u00e9sz\u00edt dokumentumfilmeket, telev\u00edzi\u00f3s sorozatokat, forgat\u00f3k\u00f6nyveket. Nem k\u00f6thet\u0151 irodalmi ir\u00e1nyzatokhoz, b\u00e1r egyes \u00edr\u00e1sai\u00a0 a m\u00e1gikus realizmushoz k\u00f6zel\u00edtik.<\/p>\n<p>[\/et_pb_text][et_pb_text admin_label=&#8221;Sz\u00f6veg&#8221; background_layout=&#8221;light&#8221; text_orientation=&#8221;left&#8221; text_font_size=&#8221;14&#8243; use_border_color=&#8221;off&#8221; border_color=&#8221;#ffffff&#8221; border_style=&#8221;solid&#8221;]<\/p>\n<h2>M\u0171veib\u0151l<\/h2>\n<p>[\/et_pb_text][et_pb_blog admin_label=&#8221;Blog&#8221; fullwidth=&#8221;on&#8221; include_categories=&#8221;30&#8243; show_thumbnail=&#8221;on&#8221; show_content=&#8221;on&#8221; show_more=&#8221;off&#8221; show_author=&#8221;off&#8221; show_date=&#8221;off&#8221; show_categories=&#8221;on&#8221; show_comments=&#8221;off&#8221; show_pagination=&#8221;off&#8221; offset_number=&#8221;0&#8243; background_layout=&#8221;light&#8221; use_dropshadow=&#8221;off&#8221; header_font_size=&#8221;18&#8243; meta_font_size=&#8221;14&#8243; body_font_size=&#8221;14&#8243; use_border_color=&#8221;off&#8221; border_color=&#8221;#ffffff&#8221; border_style=&#8221;solid&#8221;] [\/et_pb_blog][\/et_pb_column_inner][\/et_pb_row_inner][\/et_pb_column][\/et_pb_section]<\/p>\n","protected":false},"excerpt":{"rendered":"<p>Udaj Prak\u00e1s (1951-) \u00cdr\u00f3, k\u00f6lt\u0151, \u00fajs\u00e1g\u00edr\u00f3, irodalomkritikus \u00e9s filmrendez\u0151. Egyike a legnagyobb elismerts\u00e9gnek \u00f6rvend\u0151 kort\u00e1rs indiai \u00edr\u00f3knak.\u00a0 Hind\u00ed irodalmat tanult a Madhja Prad\u00e9s-i Szaugar Egyetemen, 1974-ben kit\u00fcntet\u00e9ssel fejezte be tanulm\u00e1nyait. Volt a delhi Dzsav\u00e1harl\u00e1l N\u00e9hr\u00fa Egyetem oktat\u00f3ja, dolgozott az \u00e1llamigazgat\u00e1sban, volt telev\u00edzi\u00f3s szaktan\u00e1csad\u00f3. R\u00e9szt vett sz\u00e1mos foly\u00f3irat szerkeszt\u00e9s\u00e9ben (P\u00farv\u00e1grah, Dinm\u00e1n). Rendszeresen \u00edr ismert napilapokba \u00e9s [&hellip;]<\/p>\n","protected":false},"author":5,"featured_media":0,"parent":0,"menu_order":0,"comment_status":"closed","ping_status":"closed","template":"","meta":{"_et_pb_use_builder":"on","_et_pb_old_content":"<p style=\"text-align: justify;\"><em><a href=\"https:\/\/mibt.hu\/olvasosarok\/wp-content\/uploads\/sites\/5\/2015\/10\/udayprakash.jpg\"><img class=\" wp-image-229 alignleft\" src=\"https:\/\/mibt.hu\/olvasosarok\/wp-content\/uploads\/sites\/5\/2015\/10\/udayprakash.jpg\" alt=\"udayprakash\" width=\"254\" height=\"169\" \/><\/a><\/em>\u00cdr\u00f3, k\u00f6lt\u0151, \u00fajs\u00e1g\u00edr\u00f3, irodalomkritikus \u00e9s filmrendez\u0151. Egyike a legnagyobb elismerts\u00e9gnek \u00f6rvend\u0151 kort\u00e1rs indiai \u00edr\u00f3knak.\u00a0 Hind\u00ed irodalmat tanult a Madhja Prad\u00e9s-i Szaugar Egyetemen, 1974-ben kit\u00fcntet\u00e9ssel fejezte be tanulm\u00e1nyait. Volt a delhi Dzsav\u00e1harl\u00e1l N\u00e9hr\u00fa Egyetem oktat\u00f3ja, dolgozott az \u00e1llamigazgat\u00e1sban, volt telev\u00edzi\u00f3s szaktan\u00e1csad\u00f3. R\u00e9szt vett sz\u00e1mos foly\u00f3irat szerkeszt\u00e9s\u00e9ben (<em>P\u00farv\u00e1grah, Dinm\u00e1n<\/em>). Rendszeresen \u00edr ismert napilapokba \u00e9s irodalmi foly\u00f3iratokba. Els\u0151 versesk\u00f6tete 1980-ban jelent meg, sz\u00e1mos novell\u00e1ja k\u00f6z\u00fcl a 2001-ben megjelent <em>Piros eserny\u0151s l\u00e1ny (P\u00edl\u00ed\u00a0 cshatr\u00ed v\u00e1l\u00ed lark\u00ed)<\/em> aratott nagy sikert, angolra, n\u00e9metre is leford\u00edtott\u00e1k. Ebb\u0151l k\u00e9s\u0151bb forgat\u00f3k\u00f6nyvet \u00edrt egy huszonhat r\u00e9szes t\u00e9v\u00e9sorozathoz. <em>Mohan D\u00e1sz<\/em> c. reg\u00e9ny\u00e9t\u00a0 az angolon k\u00edv\u00fcl\u00a0 sz\u00e1mos indiai nyelvre leford\u00edtott\u00e1k. K\u00e9sz\u00edt dokumentumfilmeket, telev\u00edzi\u00f3s sorozatokat, forgat\u00f3k\u00f6nyveket. Nem k\u00f6thet\u0151 irodalmi ir\u00e1nyzatokhoz, b\u00e1r egyes \u00edr\u00e1sai\u00a0 a m\u00e1gikus realizmushoz k\u00f6zel\u00edtik.<\/p>","_et_gb_content_width":"","footnotes":""},"class_list":["post-228","page","type-page","status-publish","hentry"],"_links":{"self":[{"href":"https:\/\/mibt.hu\/olvasosarok\/wp-json\/wp\/v2\/pages\/228","targetHints":{"allow":["GET"]}}],"collection":[{"href":"https:\/\/mibt.hu\/olvasosarok\/wp-json\/wp\/v2\/pages"}],"about":[{"href":"https:\/\/mibt.hu\/olvasosarok\/wp-json\/wp\/v2\/types\/page"}],"author":[{"embeddable":true,"href":"https:\/\/mibt.hu\/olvasosarok\/wp-json\/wp\/v2\/users\/5"}],"replies":[{"embeddable":true,"href":"https:\/\/mibt.hu\/olvasosarok\/wp-json\/wp\/v2\/comments?post=228"}],"version-history":[{"count":9,"href":"https:\/\/mibt.hu\/olvasosarok\/wp-json\/wp\/v2\/pages\/228\/revisions"}],"predecessor-version":[{"id":1251,"href":"https:\/\/mibt.hu\/olvasosarok\/wp-json\/wp\/v2\/pages\/228\/revisions\/1251"}],"wp:attachment":[{"href":"https:\/\/mibt.hu\/olvasosarok\/wp-json\/wp\/v2\/media?parent=228"}],"curies":[{"name":"wp","href":"https:\/\/api.w.org\/{rel}","templated":true}]}}