{"id":224,"date":"2015-10-25T20:04:56","date_gmt":"2015-10-25T20:04:56","guid":{"rendered":"https:\/\/mibt.hu\/olvasosarok\/?page_id=224"},"modified":"2016-06-15T09:15:14","modified_gmt":"2016-06-15T09:15:14","slug":"szitakanta-mahapatra-1937","status":"publish","type":"page","link":"https:\/\/mibt.hu\/olvasosarok\/szitakanta-mahapatra-1937\/","title":{"rendered":"Sz\u00edt\u00e1k\u00e1nta Mah\u00e1p\u00e1tra (1937\u2013)"},"content":{"rendered":"<p>[et_pb_section admin_label=&#8221;Szakasz&#8221; fullwidth=&#8221;on&#8221; specialty=&#8221;off&#8221;][et_pb_fullwidth_menu admin_label=&#8221;Teljes sz\u00e9less\u00e9g\u0171 men\u00fc&#8221; menu_id=&#8221;2&#8243; background_color=&#8221;#ffffff&#8221; background_layout=&#8221;light&#8221; text_orientation=&#8221;center&#8221; submenu_direction=&#8221;downwards&#8221; fullwidth_menu=&#8221;off&#8221; dropdown_menu_animation=&#8221;fade&#8221;] [\/et_pb_fullwidth_menu][\/et_pb_section][et_pb_section admin_label=&#8221;Szakasz&#8221; fullwidth=&#8221;off&#8221; specialty=&#8221;on&#8221;][et_pb_column type=&#8221;1_4&#8243;][et_pb_image admin_label=&#8221;K\u00e9p&#8221; src=&#8221;https:\/\/mibt.hu\/olvasosarok\/wp-content\/uploads\/sites\/5\/2015\/10\/sitakanta-mahapatra.jpg&#8221; show_in_lightbox=&#8221;off&#8221; url_new_window=&#8221;off&#8221; animation=&#8221;off&#8221; sticky=&#8221;off&#8221; align=&#8221;left&#8221; force_fullwidth=&#8221;off&#8221; always_center_on_mobile=&#8221;on&#8221; use_border_color=&#8221;off&#8221; border_color=&#8221;#ffffff&#8221; border_style=&#8221;solid&#8221;] [\/et_pb_image][\/et_pb_column][et_pb_column type=&#8221;3_4&#8243; specialty_columns=&#8221;3&#8243;][et_pb_row_inner admin_label=&#8221;Sor&#8221;][et_pb_column_inner type=&#8221;4_4&#8243; saved_specialty_column_type=&#8221;3_4&#8243;][et_pb_text admin_label=&#8221;Sz\u00f6veg&#8221; background_layout=&#8221;light&#8221; text_orientation=&#8221;left&#8221; text_font_size=&#8221;14&#8243; use_border_color=&#8221;off&#8221; border_color=&#8221;#ffffff&#8221; border_style=&#8221;solid&#8221;]<\/p>\n<h2 style=\"text-align: justify;\">Sz\u00edt\u00e1k\u00e1nta Mah\u00e1p\u00e1tra (1937\u2013)<\/h2>\n<p style=\"text-align: justify;\">A kort\u00e1rs orij\u00e1 irodalom egyik legkiemelked\u0151bb alakja. Hagyom\u00e1nytisztel\u0151 hindu csal\u00e1db\u00f3l sz\u00e1rmazik, magasrang\u00fa tisztvisel\u0151k\u00e9nt dolgozott az adminisztr\u00e1ci\u00f3ban. Verseiben az eur\u00f3pai, a hindu \u00e9s az Orissz\u00e1 \u00e1llam ter\u00fclet\u00e9n nagy sz\u00e1mban \u00e9l\u0151 t\u00f6rzsi n\u00e9pek k\u00f6lt\u00e9szet\u00e9t \u00f6tv\u00f6zi. Az eur\u00f3pai irodalom hat\u00e1s\u00e1t a legvil\u00e1gosabban a szabadvers form\u00e1ja, a szimb\u00f3lumhaszn\u00e1lat \u00e9s a sz\u00fcrrealista k\u00e9pzett\u00e1rs\u00edt\u00e1s mutatja. Mah\u00e1p\u00e1tra szimb\u00f3lumai m\u00e9gsem els\u0151sorban \u201eeredeti&#8221; szimb\u00f3lumok, hanem szakr\u00e1lis vagy mitologikus helyek, szem\u00e9lyek\u00a0 vagy k\u00e9pzetek felid\u00e9z\u00e9sei. Az eur\u00f3pai \u00e9s a hindu hangok mellett egy harmadik sz\u00f3lam is felfedezhet\u0151 Mah\u00e1p\u00e1tra k\u00f6lt\u00e9szet\u00e9ben: a hinduizmuson t\u00f6bb\u00e9-kev\u00e9sb\u00e9 k\u00edv\u00fcl\u00e1ll\u00f3 indiai t\u00f6rzsi kult\u00far\u00e1\u00e9. A t\u00f6rzsi n\u00e9pdalokb\u00f3l tanult csiszolatlan nyelv \u00e9s \u00e9rz\u00e9kletes k\u00e9phaszn\u00e1lat teszi k\u00fcl\u00f6n\u00f6sen k\u00e9zzelfoghat\u00f3v\u00e1 verseit.<\/p>\n<p>[\/et_pb_text][et_pb_text admin_label=&#8221;Sz\u00f6veg&#8221; background_layout=&#8221;light&#8221; text_orientation=&#8221;left&#8221; text_font_size=&#8221;14&#8243; use_border_color=&#8221;off&#8221; border_color=&#8221;#ffffff&#8221; border_style=&#8221;solid&#8221;]<\/p>\n<h2>M\u0171veib\u0151l<\/h2>\n<p>[\/et_pb_text][et_pb_blog admin_label=&#8221;Blog&#8221; fullwidth=&#8221;on&#8221; include_categories=&#8221;32&#8243; show_thumbnail=&#8221;on&#8221; show_content=&#8221;on&#8221; show_more=&#8221;off&#8221; show_author=&#8221;off&#8221; show_date=&#8221;off&#8221; show_categories=&#8221;on&#8221; show_comments=&#8221;off&#8221; show_pagination=&#8221;off&#8221; offset_number=&#8221;0&#8243; background_layout=&#8221;light&#8221; use_dropshadow=&#8221;off&#8221; header_font_size=&#8221;18&#8243; meta_font_size=&#8221;14&#8243; body_font_size=&#8221;14&#8243; use_border_color=&#8221;off&#8221; border_color=&#8221;#ffffff&#8221; border_style=&#8221;solid&#8221;] [\/et_pb_blog][\/et_pb_column_inner][\/et_pb_row_inner][\/et_pb_column][\/et_pb_section]<\/p>\n","protected":false},"excerpt":{"rendered":"<p>Sz\u00edt\u00e1k\u00e1nta Mah\u00e1p\u00e1tra (1937\u2013) A kort\u00e1rs orij\u00e1 irodalom egyik legkiemelked\u0151bb alakja. Hagyom\u00e1nytisztel\u0151 hindu csal\u00e1db\u00f3l sz\u00e1rmazik, magasrang\u00fa tisztvisel\u0151k\u00e9nt dolgozott az adminisztr\u00e1ci\u00f3ban. Verseiben az eur\u00f3pai, a hindu \u00e9s az Orissz\u00e1 \u00e1llam ter\u00fclet\u00e9n nagy sz\u00e1mban \u00e9l\u0151 t\u00f6rzsi n\u00e9pek k\u00f6lt\u00e9szet\u00e9t \u00f6tv\u00f6zi. Az eur\u00f3pai irodalom hat\u00e1s\u00e1t a legvil\u00e1gosabban a szabadvers form\u00e1ja, a szimb\u00f3lumhaszn\u00e1lat \u00e9s a sz\u00fcrrealista k\u00e9pzett\u00e1rs\u00edt\u00e1s mutatja. Mah\u00e1p\u00e1tra szimb\u00f3lumai m\u00e9gsem [&hellip;]<\/p>\n","protected":false},"author":5,"featured_media":0,"parent":0,"menu_order":0,"comment_status":"closed","ping_status":"closed","template":"","meta":{"_et_pb_use_builder":"on","_et_pb_old_content":"<p style=\"text-align: justify;\"><img class=\" wp-image-225 alignleft\" src=\"https:\/\/mibt.hu\/olvasosarok\/wp-content\/uploads\/sites\/5\/2015\/10\/sitakanta-mahapatra-209x300.jpg\" alt=\"sitakanta mahapatra\" width=\"144\" height=\"206\" \/>A kort\u00e1rs orij\u00e1 irodalom egyik legkiemelked\u0151bb alakja. Hagyom\u00e1nytisztel\u0151 hindu csal\u00e1db\u00f3l sz\u00e1rmazik, magasrang\u00fa tisztvisel\u0151k\u00e9nt dolgozott az adminisztr\u00e1ci\u00f3ban. Verseiben az eur\u00f3pai, a hindu \u00e9s az Orissz\u00e1 \u00e1llam ter\u00fclet\u00e9n nagy sz\u00e1mban \u00e9l\u0151 t\u00f6rzsi n\u00e9pek k\u00f6lt\u00e9szet\u00e9t \u00f6tv\u00f6zi. Az eur\u00f3pai irodalom hat\u00e1s\u00e1t a legvil\u00e1gosabban a szabadvers form\u00e1ja, a szimb\u00f3lumhaszn\u00e1lat \u00e9s a sz\u00fcrrealista k\u00e9pzett\u00e1rs\u00edt\u00e1s mutatja. Mah\u00e1p\u00e1tra szimb\u00f3lumai m\u00e9gsem els\u0151sorban \u201eeredeti\" szimb\u00f3lumok, hanem szakr\u00e1lis vagy mitologikus helyek, szem\u00e9lyek\u00a0 vagy k\u00e9pzetek felid\u00e9z\u00e9sei. Az eur\u00f3pai \u00e9s a hindu hangok mellett egy harmadik sz\u00f3lam is felfedezhet\u0151 Mah\u00e1p\u00e1tra k\u00f6lt\u00e9szet\u00e9ben: a hinduizmuson t\u00f6bb\u00e9-kev\u00e9sb\u00e9 k\u00edv\u00fcl\u00e1ll\u00f3 indiai t\u00f6rzsi kult\u00far\u00e1\u00e9. A t\u00f6rzsi n\u00e9pdalokb\u00f3l tanult csiszolatlan nyelv \u00e9s \u00e9rz\u00e9kletes k\u00e9phaszn\u00e1lat teszi k\u00fcl\u00f6n\u00f6sen k\u00e9zzelfoghat\u00f3v\u00e1 verseit.<\/p>","_et_gb_content_width":"","footnotes":""},"class_list":["post-224","page","type-page","status-publish","hentry"],"_links":{"self":[{"href":"https:\/\/mibt.hu\/olvasosarok\/wp-json\/wp\/v2\/pages\/224","targetHints":{"allow":["GET"]}}],"collection":[{"href":"https:\/\/mibt.hu\/olvasosarok\/wp-json\/wp\/v2\/pages"}],"about":[{"href":"https:\/\/mibt.hu\/olvasosarok\/wp-json\/wp\/v2\/types\/page"}],"author":[{"embeddable":true,"href":"https:\/\/mibt.hu\/olvasosarok\/wp-json\/wp\/v2\/users\/5"}],"replies":[{"embeddable":true,"href":"https:\/\/mibt.hu\/olvasosarok\/wp-json\/wp\/v2\/comments?post=224"}],"version-history":[{"count":7,"href":"https:\/\/mibt.hu\/olvasosarok\/wp-json\/wp\/v2\/pages\/224\/revisions"}],"predecessor-version":[{"id":1250,"href":"https:\/\/mibt.hu\/olvasosarok\/wp-json\/wp\/v2\/pages\/224\/revisions\/1250"}],"wp:attachment":[{"href":"https:\/\/mibt.hu\/olvasosarok\/wp-json\/wp\/v2\/media?parent=224"}],"curies":[{"name":"wp","href":"https:\/\/api.w.org\/{rel}","templated":true}]}}