{"id":181,"date":"2015-10-25T17:11:17","date_gmt":"2015-10-25T17:11:17","guid":{"rendered":"https:\/\/mibt.hu\/olvasosarok\/?page_id=181"},"modified":"2016-06-15T09:05:54","modified_gmt":"2016-06-15T09:05:54","slug":"bibhutibhusan-bandjopadhjaj-1894-1950","status":"publish","type":"page","link":"https:\/\/mibt.hu\/olvasosarok\/bibhutibhusan-bandjopadhjaj-1894-1950\/","title":{"rendered":"Bibh\u00fatibh\u00fasan Bandj\u00f3p\u00e1dhj\u00e1j (1894\u20131950)"},"content":{"rendered":"<p>[et_pb_section admin_label=&#8221;Szakasz&#8221; fullwidth=&#8221;on&#8221; specialty=&#8221;off&#8221;][et_pb_fullwidth_menu admin_label=&#8221;Teljes sz\u00e9less\u00e9g\u0171 men\u00fc&#8221; menu_id=&#8221;2&#8243; background_color=&#8221;#ffffff&#8221; background_layout=&#8221;light&#8221; text_orientation=&#8221;center&#8221; submenu_direction=&#8221;downwards&#8221; fullwidth_menu=&#8221;off&#8221; dropdown_menu_animation=&#8221;fade&#8221;] [\/et_pb_fullwidth_menu][\/et_pb_section][et_pb_section admin_label=&#8221;Szakasz&#8221; fullwidth=&#8221;off&#8221; specialty=&#8221;on&#8221;][et_pb_column type=&#8221;1_4&#8243;][et_pb_image admin_label=&#8221;K\u00e9p&#8221; src=&#8221;https:\/\/mibt.hu\/olvasosarok\/wp-content\/uploads\/sites\/5\/2015\/10\/Bibhutibhushan_Bandopadhyay.jpg&#8221; show_in_lightbox=&#8221;off&#8221; url_new_window=&#8221;off&#8221; animation=&#8221;off&#8221; sticky=&#8221;off&#8221; align=&#8221;left&#8221; force_fullwidth=&#8221;off&#8221; always_center_on_mobile=&#8221;on&#8221; use_border_color=&#8221;off&#8221; border_color=&#8221;#ffffff&#8221; border_style=&#8221;solid&#8221;] [\/et_pb_image][\/et_pb_column][et_pb_column type=&#8221;3_4&#8243; specialty_columns=&#8221;3&#8243;][et_pb_row_inner admin_label=&#8221;Sor&#8221;][et_pb_column_inner type=&#8221;4_4&#8243; saved_specialty_column_type=&#8221;3_4&#8243;][et_pb_text admin_label=&#8221;Sz\u00f6veg&#8221; background_layout=&#8221;light&#8221; text_orientation=&#8221;left&#8221; text_font_size=&#8221;14&#8243; use_border_color=&#8221;off&#8221; border_color=&#8221;#ffffff&#8221; border_style=&#8221;solid&#8221;]<\/p>\n<h2 style=\"text-align: justify;\">Bibh\u00fatibh\u00fasan Bandj\u00f3p\u00e1dhj\u00e1j (1894\u20131950)<\/h2>\n<p style=\"text-align: justify;\">A XX. sz\u00e1zadi beng\u00e1li pr\u00f3za egyik legkiemelked\u0151bb alakja, akinek \u00f6n\u00e9letrajzi fogantat\u00e1s\u00fa reg\u00e9nye a magyarul is olvashat\u00f3 <em>Path\u00e9r p\u00e1ncs\u00e1li: \u00e9nek az \u00fatr\u00f3l<\/em> (1928) szolg\u00e1lt alapul Szatjadzsit R\u00e1j azonos c\u00edm\u0171 vil\u00e1gh\u00edr\u0171 filmj\u00e9hez (1955). Bibh\u00fatibh\u00fasan Bandj\u00f3p\u00e1dh<\/p>\n<p style=\"text-align: justify;\">j\u00e1j tizenhat reg\u00e9ny szerz\u0151je. A szint\u00e9n \u00f6n\u00e9letrajzi fogantat\u00e1s\u00fa <em>\u00c1ranjak<\/em>ot 1931 \u00e9s \u201939 k\u00f6z\u00f6tt \u00edrta, \u00e9s a Beng\u00e1lt\u00f3l nyugatra fekv\u0151 Bih\u00e1r tartom\u00e1ny az\u00f3ta kiv\u00e1gott erd\u0151s\u00e9geinek \u00e9let\u00e9t mutatja be benne. A szerz\u0151 kor\u00e1bban egy f\u00f6ldes\u00fari erd\u0151s\u00e9g int\u00e9z\u0151jek\u00e9nt maga is hossz\u00fa id\u0151t t\u00f6lt\u00f6tt ezen a vid\u00e9ken. A reg\u00e9ny \u00e1ll\u00edt\u00e1s\u00e1val ellent\u00e9tben a szant\u00e1l felkel\u00e9s 1855 j\u00falius\u00e1t\u00f3l 1856 m\u00e1jus\u00e1ig tartott, \u00e9s vezet\u0151i Szidhu \u00e9s K\u00e1nhu Murmu voltak, akik a britek \u00e9s a vel\u00fck sz\u00f6vets\u00e9ges indiai f\u00f6ldesurak \u00e9s p\u00e9nzk\u00f6lcs\u00f6nz\u0151k ellen emeltek fegyvert.<\/p>\n<p>[\/et_pb_text][et_pb_text admin_label=&#8221;Sz\u00f6veg&#8221; background_layout=&#8221;light&#8221; text_orientation=&#8221;left&#8221; text_font_size=&#8221;14&#8243; use_border_color=&#8221;off&#8221; border_color=&#8221;#ffffff&#8221; border_style=&#8221;solid&#8221;]<\/p>\n<h2>M\u0171veib\u0151l<\/h2>\n<p>[\/et_pb_text][et_pb_blog admin_label=&#8221;Blog-bibh\u00fatibh\u00fasan&#8221; fullwidth=&#8221;on&#8221; show_thumbnail=&#8221;on&#8221; show_content=&#8221;on&#8221; show_more=&#8221;off&#8221; show_author=&#8221;off&#8221; show_date=&#8221;off&#8221; show_categories=&#8221;on&#8221; show_comments=&#8221;off&#8221; show_pagination=&#8221;off&#8221; offset_number=&#8221;0&#8243; background_layout=&#8221;light&#8221; use_dropshadow=&#8221;off&#8221; header_font_size=&#8221;18&#8243; meta_font_size=&#8221;14&#8243; body_font_size=&#8221;14&#8243; use_border_color=&#8221;off&#8221; border_color=&#8221;#ffffff&#8221; border_style=&#8221;solid&#8221; include_categories=&#8221;16&#8243;] [\/et_pb_blog][\/et_pb_column_inner][\/et_pb_row_inner][\/et_pb_column][\/et_pb_section]<\/p>\n","protected":false},"excerpt":{"rendered":"<p>Bibh\u00fatibh\u00fasan Bandj\u00f3p\u00e1dhj\u00e1j (1894\u20131950) A XX. sz\u00e1zadi beng\u00e1li pr\u00f3za egyik legkiemelked\u0151bb alakja, akinek \u00f6n\u00e9letrajzi fogantat\u00e1s\u00fa reg\u00e9nye a magyarul is olvashat\u00f3 Path\u00e9r p\u00e1ncs\u00e1li: \u00e9nek az \u00fatr\u00f3l (1928) szolg\u00e1lt alapul Szatjadzsit R\u00e1j azonos c\u00edm\u0171 vil\u00e1gh\u00edr\u0171 filmj\u00e9hez (1955). Bibh\u00fatibh\u00fasan Bandj\u00f3p\u00e1dh j\u00e1j tizenhat reg\u00e9ny szerz\u0151je. A szint\u00e9n \u00f6n\u00e9letrajzi fogantat\u00e1s\u00fa \u00c1ranjakot 1931 \u00e9s \u201939 k\u00f6z\u00f6tt \u00edrta, \u00e9s a Beng\u00e1lt\u00f3l nyugatra fekv\u0151 [&hellip;]<\/p>\n","protected":false},"author":5,"featured_media":0,"parent":0,"menu_order":0,"comment_status":"closed","ping_status":"closed","template":"","meta":{"_et_pb_use_builder":"on","_et_pb_old_content":"<p style=\"text-align: justify;\"><img class=\"wp-image-183 alignleft\" src=\"https:\/\/mibt.hu\/olvasosarok\/wp-content\/uploads\/sites\/5\/2015\/10\/Bibhutibhushan_Bandopadhyay-250x300.jpg\" alt=\"Bibhutibhushan_Bandopadhyay\" width=\"165\" height=\"198\" \/>A XX. sz\u00e1zadi beng\u00e1li pr\u00f3za egyik legkiemelked\u0151bb alakja, akinek \u00f6n\u00e9letrajzi fogantat\u00e1s\u00fa reg\u00e9nye a magyarul is olvashat\u00f3 <em>Path\u00e9r p\u00e1ncs\u00e1li: \u00e9nek az \u00fatr\u00f3l<\/em> (1928) szolg\u00e1lt alapul Szatjadzsit R\u00e1j azonos c\u00edm\u0171 vil\u00e1gh\u00edr\u0171 filmj\u00e9hez (1955). Bibh\u00fatibh\u00fasan Bandj\u00f3p\u00e1dh<br \/> j\u00e1j tizenhat reg\u00e9ny szerz\u0151je. A szint\u00e9n \u00f6n\u00e9letrajzi fogantat\u00e1s\u00fa <em>\u00c1ranjak<\/em>ot 1931 \u00e9s \u201939 k\u00f6z\u00f6tt \u00edrta, \u00e9s a Beng\u00e1lt\u00f3l nyugatra fekv\u0151 Bih\u00e1r tartom\u00e1ny az\u00f3ta kiv\u00e1gott erd\u0151s\u00e9geinek \u00e9let\u00e9t mutatja be benne. A szerz\u0151 kor\u00e1bban egy f\u00f6ldes\u00fari erd\u0151s\u00e9g int\u00e9z\u0151jek\u00e9nt maga is hossz\u00fa id\u0151t t\u00f6lt\u00f6tt ezen a vid\u00e9ken. A reg\u00e9ny \u00e1ll\u00edt\u00e1s\u00e1val ellent\u00e9tben a szant\u00e1l felkel\u00e9s 1855 j\u00falius\u00e1t\u00f3l 1856 m\u00e1jus\u00e1ig tartott, \u00e9s vezet\u0151i Szidhu \u00e9s K\u00e1nhu Murmu voltak, akik a britek \u00e9s a vel\u00fck sz\u00f6vets\u00e9ges indiai f\u00f6ldesurak \u00e9s p\u00e9nzk\u00f6lcs\u00f6nz\u0151k ellen emeltek fegyvert.<\/p>","_et_gb_content_width":"","footnotes":""},"class_list":["post-181","page","type-page","status-publish","hentry"],"_links":{"self":[{"href":"https:\/\/mibt.hu\/olvasosarok\/wp-json\/wp\/v2\/pages\/181","targetHints":{"allow":["GET"]}}],"collection":[{"href":"https:\/\/mibt.hu\/olvasosarok\/wp-json\/wp\/v2\/pages"}],"about":[{"href":"https:\/\/mibt.hu\/olvasosarok\/wp-json\/wp\/v2\/types\/page"}],"author":[{"embeddable":true,"href":"https:\/\/mibt.hu\/olvasosarok\/wp-json\/wp\/v2\/users\/5"}],"replies":[{"embeddable":true,"href":"https:\/\/mibt.hu\/olvasosarok\/wp-json\/wp\/v2\/comments?post=181"}],"version-history":[{"count":10,"href":"https:\/\/mibt.hu\/olvasosarok\/wp-json\/wp\/v2\/pages\/181\/revisions"}],"predecessor-version":[{"id":1225,"href":"https:\/\/mibt.hu\/olvasosarok\/wp-json\/wp\/v2\/pages\/181\/revisions\/1225"}],"wp:attachment":[{"href":"https:\/\/mibt.hu\/olvasosarok\/wp-json\/wp\/v2\/media?parent=181"}],"curies":[{"name":"wp","href":"https:\/\/api.w.org\/{rel}","templated":true}]}}