{"id":1150,"date":"2015-11-09T19:43:56","date_gmt":"2015-11-09T19:43:56","guid":{"rendered":"https:\/\/mibt.hu\/olvasosarok\/?page_id=1150"},"modified":"2016-08-11T10:49:04","modified_gmt":"2016-08-11T10:49:04","slug":"rolunk","status":"publish","type":"page","link":"https:\/\/mibt.hu\/olvasosarok\/rolunk\/","title":{"rendered":"R\u00f3lunk"},"content":{"rendered":"<p>[et_pb_section fullwidth=&#8221;on&#8221; specialty=&#8221;off&#8221; admin_label=&#8221;Szakasz&#8221;][et_pb_fullwidth_menu admin_label=&#8221;Teljes sz\u00e9less\u00e9g\u0171 men\u00fc&#8221; menu_id=&#8221;2&#8243; background_color=&#8221;#ffffff&#8221; background_layout=&#8221;light&#8221; text_orientation=&#8221;center&#8221; submenu_direction=&#8221;downwards&#8221; fullwidth_menu=&#8221;off&#8221; dropdown_menu_animation=&#8221;fade&#8221; \/][\/et_pb_section][et_pb_section admin_label=&#8221;section&#8221;][et_pb_row admin_label=&#8221;row&#8221;][et_pb_column type=&#8221;4_4&#8243;][et_pb_text admin_label=&#8221;Sz\u00f6veg&#8221; background_layout=&#8221;light&#8221; text_orientation=&#8221;left&#8221; text_font_size=&#8221;14&#8243; use_border_color=&#8221;off&#8221; border_color=&#8221;#ffffff&#8221; border_style=&#8221;solid&#8221;]<\/p>\n<h1 style=\"text-align: center;\">R\u00f3lunk<\/h1>\n<p>[\/et_pb_text][et_pb_text admin_label=&#8221;Sz\u00f6veg&#8221; background_layout=&#8221;light&#8221; text_orientation=&#8221;left&#8221; text_font_size=&#8221;14&#8243; use_border_color=&#8221;off&#8221; border_color=&#8221;#ffffff&#8221; border_style=&#8221;solid&#8221;]<\/p>\n<p style=\"text-align: justify;\"><span class=\"_5yl5\" data-reactid=\".1bg.1.$mg=2mid=11447097612873=24449d8acd12e736712.2.$mid=11447097612873=24449d8acd12e736712.0.0.0.1.0.0\"><span data-reactid=\".1bg.1.$mg=2mid=11447097612873=24449d8acd12e736712.2.$mid=11447097612873=24449d8acd12e736712.0.0.0.1.0.0.0\">Az Ind Olvas\u00f3sarok egy olyan irodalmi port\u00e1l, ahol az eddig magyarul megjelent ford\u00edt\u00e1sok tal\u00e1lhat\u00f3ak meg az indiai irodalomb\u00f3l. Az oldalon folyamatosan jelennek meg a sz\u00f6vegek, valamint \u00faj, frissen megjelent vagy megjelen\u00e9s el\u0151tt \u00e1ll\u00f3 ford\u00edt\u00e1sok is. Recenzi\u00f3kat \u00e9s kritik\u00e1kat is k\u00f6zl\u00fcnk, valamint egy interj\u00fasorozatot, amelyben az indiai irodalom ford\u00edt\u00f3ival besz\u00e9lget\u00fcnk. Az Olvas\u00f3sarok irodalmi t\u00e1vcs\u0151, amely k\u00f6zelebb hozza ennek a t\u00e1voli kult\u00far\u00e1nak az irodalmi alkot\u00e1sait. <\/span><\/span><\/p>\n<p style=\"text-align: justify;\"><span class=\"_5yl5\" data-reactid=\".1bg.1.$mg=2mid=11447097612873=24449d8acd12e736712.2.$mid=11447097612873=24449d8acd12e736712.0.0.0.1.0.0\"><span data-reactid=\".1bg.1.$mg=2mid=11447097612873=24449d8acd12e736712.2.$mid=11447097612873=24449d8acd12e736712.0.0.0.1.0.0.0\">Az indiai irodalom ir\u00e1nti f\u00fcgg\u0151s\u00e9g\u00e9rt v\u00e1llaljuk a felel\u0151ss\u00e9get. <\/span><\/span><\/p>\n<p style=\"text-align: justify;\"><span class=\"_5yl5\" data-reactid=\".1bg.1.$mg=2mid=11447097612873=24449d8acd12e736712.2.$mid=11447097612873=24449d8acd12e736712.0.0.0.1.0.0\"><span data-reactid=\".1bg.1.$mg=2mid=11447097612873=24449d8acd12e736712.2.$mid=11447097612873=24449d8acd12e736712.0.0.0.1.0.0.0\">J\u00f3 olvasgat\u00e1st!<\/span><\/span><\/p>\n<p>[\/et_pb_text][\/et_pb_column][\/et_pb_row][\/et_pb_section]<\/p>\n","protected":false},"excerpt":{"rendered":"<p>R\u00f3lunk Az Ind Olvas\u00f3sarok egy olyan irodalmi port\u00e1l, ahol az eddig magyarul megjelent ford\u00edt\u00e1sok tal\u00e1lhat\u00f3ak meg az indiai irodalomb\u00f3l. Az oldalon folyamatosan jelennek meg a sz\u00f6vegek, valamint \u00faj, frissen megjelent vagy megjelen\u00e9s el\u0151tt \u00e1ll\u00f3 ford\u00edt\u00e1sok is. Recenzi\u00f3kat \u00e9s kritik\u00e1kat is k\u00f6zl\u00fcnk, valamint egy interj\u00fasorozatot, amelyben az indiai irodalom ford\u00edt\u00f3ival besz\u00e9lget\u00fcnk. Az Olvas\u00f3sarok irodalmi t\u00e1vcs\u0151, amely [&hellip;]<\/p>\n","protected":false},"author":4,"featured_media":0,"parent":0,"menu_order":0,"comment_status":"closed","ping_status":"closed","template":"","meta":{"_et_pb_use_builder":"on","_et_pb_old_content":"","_et_gb_content_width":"","footnotes":""},"class_list":["post-1150","page","type-page","status-publish","hentry"],"_links":{"self":[{"href":"https:\/\/mibt.hu\/olvasosarok\/wp-json\/wp\/v2\/pages\/1150","targetHints":{"allow":["GET"]}}],"collection":[{"href":"https:\/\/mibt.hu\/olvasosarok\/wp-json\/wp\/v2\/pages"}],"about":[{"href":"https:\/\/mibt.hu\/olvasosarok\/wp-json\/wp\/v2\/types\/page"}],"author":[{"embeddable":true,"href":"https:\/\/mibt.hu\/olvasosarok\/wp-json\/wp\/v2\/users\/4"}],"replies":[{"embeddable":true,"href":"https:\/\/mibt.hu\/olvasosarok\/wp-json\/wp\/v2\/comments?post=1150"}],"version-history":[{"count":5,"href":"https:\/\/mibt.hu\/olvasosarok\/wp-json\/wp\/v2\/pages\/1150\/revisions"}],"predecessor-version":[{"id":1289,"href":"https:\/\/mibt.hu\/olvasosarok\/wp-json\/wp\/v2\/pages\/1150\/revisions\/1289"}],"wp:attachment":[{"href":"https:\/\/mibt.hu\/olvasosarok\/wp-json\/wp\/v2\/media?parent=1150"}],"curies":[{"name":"wp","href":"https:\/\/api.w.org\/{rel}","templated":true}]}}